{"id":17,"date":"2024-07-27T14:42:58","date_gmt":"2024-07-27T14:42:58","guid":{"rendered":"https:\/\/tableberg.com\/?page_id=17"},"modified":"2024-07-27T15:54:45","modified_gmt":"2024-07-27T15:54:45","slug":"datenschutzrichtlinie-2","status":"publish","type":"page","link":"https:\/\/tableberg.com\/de\/privacy-policy-2\/","title":{"rendered":"Datenschutzbestimmungen"},"content":{"rendered":"<p>Ihre Privatsph\u00e4re ist f\u00fcr uns von entscheidender Bedeutung. Bei Tableberg haben wir ein paar grundlegende Prinzipien:<\/p>\n\n\n\n<ul class=\"wp-block-list\">\n<li>Wir fragen Sie nur dann nach pers\u00f6nlichen Informationen, wenn wir sie wirklich brauchen. (Wir k\u00f6nnen Dienste nicht ausstehen, die Sie ohne ersichtlichen Grund nach Dingen wie Ihrem Geschlecht oder Einkommensniveau fragen).<\/li>\n\n\n\n<li>Wir geben Ihre pers\u00f6nlichen Daten an niemanden weiter, es sei denn, wir m\u00fcssen die gesetzlichen Bestimmungen einhalten, unsere Produkte entwickeln oder unsere Rechte sch\u00fctzen.<\/li>\n\n\n\n<li>Wir speichern keine pers\u00f6nlichen Daten auf unseren Servern, es sei denn, sie sind f\u00fcr den laufenden Betrieb einer unserer Dienstleistungen erforderlich.<\/li>\n\n\n\n<li>Mit unseren Blogging-Produkten wollen wir es Ihnen so einfach wie m\u00f6glich machen, zu kontrollieren, was \u00f6ffentlich sichtbar ist, von Suchmaschinen gesehen wird, privat bleibt und dauerhaft gel\u00f6scht wird.<\/li>\n<\/ul>\n\n\n\n<p>Wenn Sie Fragen zur L\u00f6schung oder Berichtigung Ihrer pers\u00f6nlichen Daten haben, wenden Sie sich bitte an\u00a0<a href=\"https:\/\/tableberg.com\/de\/kontakt\/\">kontaktieren Sie uns<\/a>.<\/p>\n\n\n\n<h2 class=\"wp-block-heading\">Besucher der Website<\/h2>\n\n\n\n<p>Wie die meisten Website-Betreiber sammelt Tableberg nicht-personenbezogene Daten, wie sie von Webbrowsern und Servern \u00fcblicherweise zur Verf\u00fcgung gestellt werden, z. B. den Browsertyp, die bevorzugte Sprache, die verweisende Website sowie das Datum und die Uhrzeit der jeweiligen Besucheranfrage. Tableberg sammelt nicht-personenbezogene Daten, um besser zu verstehen, wie Tablebergs Besucher seine Website nutzen. Von Zeit zu Zeit kann Tableberg nicht-personenidentifizierende Informationen in zusammengefasster Form ver\u00f6ffentlichen, z.B. durch die Ver\u00f6ffentlichung eines Berichts \u00fcber Trends in der Nutzung seiner Website.<\/p>\n\n\n\n<p>Tableberg sammelt auch potenziell pers\u00f6nlich identifizierende Informationen wie Internetprotokoll (IP)-Adressen. Tableberg legt die IP-Adressen der angemeldeten Benutzer und Kommentatoren nur unter denselben Umst\u00e4nden offen, unter denen es pers\u00f6nlich identifizierende Informationen wie unten beschrieben verwendet und offenlegt, mit der Ausnahme, dass die IP-Adressen und E-Mail-Adressen von Blog-Kommentatoren sichtbar sind und den Administratoren des Blogs, in dem der Kommentar hinterlassen wurde, offengelegt werden.<\/p>\n\n\n\n<h2 class=\"wp-block-heading\">Erhebung personenbezogener Daten<\/h2>\n\n\n\n<p>Bestimmte Besucher der Tableberg-Websites interagieren mit Tableberg auf eine Weise, die es erfordert, dass Tableberg pers\u00f6nlich identifizierende Informationen sammelt. Die Menge und Art der Informationen, die Tableberg sammelt, h\u00e4ngt von der Art der Interaktion ab.<\/p>\n\n\n\n<h2 class=\"wp-block-heading\">Wir sammeln Informationen \u00fcber unsere Nutzer auf folgende Weise:<\/h2>\n\n\n\n<ul class=\"wp-block-list\">\n<li>Wenn Sie sich f\u00fcr unseren Service anmelden, fragen wir Sie nach Ihrem Namen und Ihren Kontaktdaten f\u00fcr die Rechnungsstellung.<\/li>\n\n\n\n<li>Unsere Websites verwenden Analysesoftware wie Google Analytics und Clicky.<\/li>\n<\/ul>\n\n\n\n<h2 class=\"wp-block-heading\">Schutz bestimmter personenbezogener Daten<\/h2>\n\n\n\n<p>Tableberg legt potenziell pers\u00f6nlich identifizierende und pers\u00f6nlich identifizierende Informationen nur gegen\u00fcber seinen Mitarbeitern, Auftragnehmern und angeschlossenen Organisationen offen, die (i) diese Informationen kennen m\u00fcssen, um sie im Auftrag von Tableberg zu verarbeiten oder um auf den Websites von Tableberg verf\u00fcgbare Dienste bereitzustellen, und die (ii) zugestimmt haben, sie nicht an andere weiterzugeben. Einige dieser Mitarbeiter, Auftragnehmer und angegliederte Organisationen k\u00f6nnen sich au\u00dferhalb Ihres Heimatlandes befinden; durch die Nutzung der Tableberg-Websites stimmen Sie der \u00dcbertragung solcher Informationen an diese zu. Tableberg wird potenziell pers\u00f6nlich identifizierende und pers\u00f6nlich identifizierende Informationen nicht an Dritte vermieten oder verkaufen. Abgesehen von seinen Mitarbeitern, Auftragnehmern und angeschlossenen Organisationen, wie oben beschrieben, gibt Tableberg potenziell pers\u00f6nlich identifizierende und pers\u00f6nlich identifizierende Informationen nur als Reaktion auf eine Vorladung, einen Gerichtsbeschluss oder eine andere beh\u00f6rdliche Anfrage weiter, oder wenn Tableberg in gutem Glauben davon ausgeht, dass die Offenlegung vern\u00fcnftigerweise notwendig ist, um das Eigentum oder die Rechte von Tableberg, Dritten oder der \u00d6ffentlichkeit im Allgemeinen zu sch\u00fctzen. Wenn Sie ein registrierter Benutzer einer Tableberg-Website sind und Ihre E-Mail-Adresse angegeben haben, kann Tableberg Ihnen gelegentlich eine E-Mail senden, um Sie \u00fcber neue Funktionen zu informieren, Ihr Feedback einzuholen oder Sie einfach nur auf dem Laufenden zu halten, was mit Tableberg und unseren Produkten passiert. Wir verwenden in erster Linie unsere verschiedenen Produkt-Blogs, um diese Art von Informationen zu \u00fcbermitteln, so dass wir erwarten, diese Art von E-Mail auf ein Minimum zu beschr\u00e4nken. Wenn Sie uns eine Anfrage senden (z. B. \u00fcber eine Support-E-Mail oder \u00fcber einen unserer Feedback-Mechanismen), behalten wir uns das Recht vor, diese zu ver\u00f6ffentlichen, um uns bei der Kl\u00e4rung oder Beantwortung Ihrer Anfrage zu helfen oder um uns bei der Unterst\u00fctzung anderer Benutzer zu helfen. Tableberg ergreift alle angemessenen Ma\u00dfnahmen, um sich gegen den unbefugten Zugriff, die Verwendung, \u00c4nderung oder Zerst\u00f6rung von potenziell pers\u00f6nlich identifizierenden Informationen zu sch\u00fctzen.<\/p>\n\n\n\n<h2 class=\"wp-block-heading\">Cookies<\/h2>\n\n\n\n<p>Ein Cookie ist eine Zeichenfolge von Informationen, die eine Website auf dem Computer eines Besuchers speichert und die der Browser des Besuchers der Website jedes Mal zur Verf\u00fcgung stellt, wenn der Besucher zur\u00fcckkehrt. Tableberg verwendet Cookies, um Tableberg dabei zu helfen, Besucher zu identifizieren und zu verfolgen, ihre Nutzung der Tableberg-Website und ihre Zugriffspr\u00e4ferenzen auf die Website. Tableberg-Besucher, die nicht m\u00f6chten, dass Cookies auf ihren Computern platziert werden, sollten ihren Browser so einstellen, dass er Cookies ablehnt, bevor sie die Tableberg-Websites nutzen, mit dem Nachteil, dass bestimmte Funktionen der Tableberg-Websites ohne die Hilfe von Cookies nicht richtig funktionieren.<\/p>\n\n\n\n<h2 class=\"wp-block-heading\">Unternehmens\u00fcbertragungen<\/h2>\n\n\n\n<p>Wenn Tableberg oder im Wesentlichen alle seine Verm\u00f6genswerte erworben werden, oder in dem unwahrscheinlichen Fall, dass Tableberg in Konkurs geht, w\u00fcrden Benutzerinformationen zu den Verm\u00f6genswerten geh\u00f6ren, die von einer dritten Partei \u00fcbertragen oder erworben werden. Sie erkennen an, dass solche \u00dcbertragungen stattfinden k\u00f6nnen und dass jeder Erwerber von Tableberg Ihre pers\u00f6nlichen Daten weiterhin wie in dieser Richtlinie dargelegt verwenden kann.<\/p>\n\n\n\n<h2 class=\"wp-block-heading\">\u00c4nderungen der Datenschutzrichtlinie<\/h2>\n\n\n\n<p>Obwohl die meisten \u00c4nderungen wahrscheinlich geringf\u00fcgig sind, kann Tableberg seine Datenschutzrichtlinie von Zeit zu Zeit und nach eigenem Ermessen \u00e4ndern. Tableberg fordert seine Besucher auf, diese Seite regelm\u00e4\u00dfig auf \u00c4nderungen der Datenschutzrichtlinien zu \u00fcberpr\u00fcfen. Wenn Sie ein WordPress.com-Konto haben, sollten Sie auch das Dashboard Ihres Blogs \u00fcberpr\u00fcfen, um \u00fcber diese \u00c4nderungen informiert zu werden. Wenn Sie diese Seite nach einer \u00c4nderung der Datenschutzrichtlinie weiterhin nutzen, erkl\u00e4ren Sie sich mit dieser \u00c4nderung einverstanden.<\/p>","protected":false},"excerpt":{"rendered":"<p>Your privacy is critically important to us. At Tableberg we have a few fundamental principles: If you have questions about deleting or correcting your personal data please\u00a0contact us. Website Visitors Like most website operators, Tableberg collects non-personally-identifying information of the sort that web browsers and servers typically make available, such as the browser type, language [&hellip;]<\/p>\n","protected":false},"author":1,"featured_media":0,"parent":0,"menu_order":0,"comment_status":"closed","ping_status":"open","template":"","meta":{"_eb_attr":"","footnotes":""},"class_list":["post-17","page","type-page","status-publish","hentry"],"featured_image_src":null,"_links":{"self":[{"href":"https:\/\/tableberg.com\/de\/wp-json\/wp\/v2\/pages\/17","targetHints":{"allow":["GET"]}}],"collection":[{"href":"https:\/\/tableberg.com\/de\/wp-json\/wp\/v2\/pages"}],"about":[{"href":"https:\/\/tableberg.com\/de\/wp-json\/wp\/v2\/types\/page"}],"author":[{"embeddable":true,"href":"https:\/\/tableberg.com\/de\/wp-json\/wp\/v2\/users\/1"}],"replies":[{"embeddable":true,"href":"https:\/\/tableberg.com\/de\/wp-json\/wp\/v2\/comments?post=17"}],"version-history":[{"count":10,"href":"https:\/\/tableberg.com\/de\/wp-json\/wp\/v2\/pages\/17\/revisions"}],"predecessor-version":[{"id":10729,"href":"https:\/\/tableberg.com\/de\/wp-json\/wp\/v2\/pages\/17\/revisions\/10729"}],"wp:attachment":[{"href":"https:\/\/tableberg.com\/de\/wp-json\/wp\/v2\/media?parent=17"}],"curies":[{"name":"wp","href":"https:\/\/api.w.org\/{rel}","templated":true}]}}