{"id":62,"date":"2024-07-27T14:46:48","date_gmt":"2024-07-27T14:46:48","guid":{"rendered":"https:\/\/tableberg.com\/?page_id=62"},"modified":"2025-08-15T19:00:02","modified_gmt":"2025-08-15T19:00:02","slug":"erstattungsrichtlinie","status":"publish","type":"page","link":"https:\/\/tableberg.com\/de\/refund-policy\/","title":{"rendered":"Erstattungspolitik"},"content":{"rendered":"<p>Wir stehen hinter der Qualit\u00e4t unseres Plugins und Ihre Zufriedenheit damit ist uns wichtig. Sollten Sie Probleme mit dem Plugin haben, erstatten wir Ihnen gerne den Kaufpreis innerhalb von 14 Tagen nach dem urspr\u00fcnglichen Upgrade-Datum. WIR STELLEN KEINE FRAGEN! Trotzdem w\u00fcrden wir uns \u00fcber Ihr Feedback zum Plugin freuen.<\/p>\n\n\n\n<p>Die R\u00fcckerstattung erfolgt, wenn Sie alle folgenden Bedingungen vollst\u00e4ndig erf\u00fcllen:<\/p>\n\n\n\n<ul class=\"wp-block-list\">\n<li>You are within the first 30 days of the purchase of the plugin.<\/li>\n\n\n\n<li>Ihr Erstattungsantrag bezieht sich nicht auf j\u00e4hrliche Abonnementverl\u00e4ngerungen (Erinnerungsmails werden vor allen Abonnementverl\u00e4ngerungen versandt).<\/li>\n<\/ul>\n\n\n\n<p>HINWEIS: Die Gateway-Geb\u00fchren werden nicht erstattet.<\/p>\n\n\n\n<p>Mit dem Upgrade erkl\u00e4ren Sie sich mit dieser R\u00fcckerstattungspolitik einverstanden und verzichten auf alle Rechte, die sich aus Fragen, Urteilen oder rechtlichen Schritten ergeben.<\/p>\n\n\n\n<p>Einreichen eines Erstattungsantrags,&nbsp;<a href=\"https:\/\/tableberg.com\/de\/kontakt\/\" target=\"_blank\" rel=\"noreferrer noopener\">kontaktieren Sie uns<\/a>.<\/p>","protected":false},"excerpt":{"rendered":"<p>We stand behind our plugin\u2019s quality and your satisfaction with it is important to us. If you experience problems with the plugin, we will be happy to provide a refund within 14 days of the original upgrade date. NO QUESTIONS ASKED! Although we would love your feedback on the plugin. Refunds will be offered if [&hellip;]<\/p>\n","protected":false},"author":1,"featured_media":0,"parent":0,"menu_order":0,"comment_status":"closed","ping_status":"closed","template":"","meta":{"_eb_attr":"","footnotes":""},"class_list":["post-62","page","type-page","status-publish","hentry"],"featured_image_src":null,"_links":{"self":[{"href":"https:\/\/tableberg.com\/de\/wp-json\/wp\/v2\/pages\/62","targetHints":{"allow":["GET"]}}],"collection":[{"href":"https:\/\/tableberg.com\/de\/wp-json\/wp\/v2\/pages"}],"about":[{"href":"https:\/\/tableberg.com\/de\/wp-json\/wp\/v2\/types\/page"}],"author":[{"embeddable":true,"href":"https:\/\/tableberg.com\/de\/wp-json\/wp\/v2\/users\/1"}],"replies":[{"embeddable":true,"href":"https:\/\/tableberg.com\/de\/wp-json\/wp\/v2\/comments?post=62"}],"version-history":[{"count":3,"href":"https:\/\/tableberg.com\/de\/wp-json\/wp\/v2\/pages\/62\/revisions"}],"predecessor-version":[{"id":10728,"href":"https:\/\/tableberg.com\/de\/wp-json\/wp\/v2\/pages\/62\/revisions\/10728"}],"wp:attachment":[{"href":"https:\/\/tableberg.com\/de\/wp-json\/wp\/v2\/media?parent=62"}],"curies":[{"name":"wp","href":"https:\/\/api.w.org\/{rel}","templated":true}]}}