{"id":910,"date":"2024-07-27T14:49:19","date_gmt":"2024-07-27T14:49:19","guid":{"rendered":"https:\/\/tableberg.com\/?page_id=910"},"modified":"2024-07-27T14:50:42","modified_gmt":"2024-07-27T14:50:42","slug":"cookie-richtlinie","status":"publish","type":"page","link":"https:\/\/tableberg.com\/de\/cookie-policy\/","title":{"rendered":"Cookie-Richtlinie"},"content":{"rendered":"<p>Dies ist die Cookie-Richtlinie f\u00fcr Tableberg, abrufbar unter https:\/\/tableberg.com<\/p>\n\n\n\n<p><strong>Was sind Cookies?<\/strong><\/p>\n\n\n\n<p>Wie bei fast allen professionellen Websites \u00fcblich, verwendet auch diese Website Cookies, d. h. kleine Dateien, die auf Ihren Computer heruntergeladen werden, um Ihre Erfahrung zu verbessern. Auf dieser Seite wird beschrieben, welche Informationen sie sammeln, wie wir sie verwenden und warum wir diese Cookies manchmal speichern m\u00fcssen. Wir teilen Ihnen auch mit, wie Sie die Speicherung dieser Cookies verhindern k\u00f6nnen, was jedoch zu einer Beeintr\u00e4chtigung bestimmter Funktionen der Website f\u00fchren kann.<\/p>\n\n\n\n<p>Weitere allgemeine Informationen \u00fcber Cookies finden Sie im Wikipedia-Artikel \u00fcber HTTP-Cookies.<\/p>\n\n\n\n<p><strong>Wie wir Cookies verwenden<\/strong><\/p>\n\n\n\n<p>Wir verwenden Cookies aus einer Reihe von Gr\u00fcnden, die im Folgenden n\u00e4her erl\u00e4utert werden. Leider gibt es in den meisten F\u00e4llen keine branchen\u00fcblichen Optionen zur Deaktivierung von Cookies, ohne die Funktionalit\u00e4t und die Merkmale, die sie dieser Website hinzuf\u00fcgen, vollst\u00e4ndig zu deaktivieren. Es wird empfohlen, alle Cookies zuzulassen, wenn Sie nicht sicher sind, ob Sie sie ben\u00f6tigen oder nicht, falls sie zur Bereitstellung eines von Ihnen genutzten Dienstes verwendet werden.<\/p>\n\n\n\n<p><strong>Deaktivieren von Cookies<\/strong><\/p>\n\n\n\n<p>Sie k\u00f6nnen das Setzen von Cookies verhindern, indem Sie die Einstellungen Ihres Browsers anpassen (siehe dazu die Hilfe Ihres Browsers). Beachten Sie, dass die Deaktivierung von Cookies die Funktionalit\u00e4t dieser und vieler anderer Websites, die Sie besuchen, beeintr\u00e4chtigen wird. Die Deaktivierung von Cookies f\u00fchrt in der Regel auch zur Deaktivierung bestimmter Funktionen und Merkmale dieser Website. Es wird daher empfohlen, Cookies nicht zu deaktivieren.<\/p>\n\n\n\n<p><strong>Die von uns gesetzten Cookies<\/strong><\/p>\n\n\n\n<ul class=\"wp-block-list\">\n<li>Cookies im Zusammenhang mit E-Mail-NewsletternDiese Website bietet Newsletter oder E-Mail-Abonnementdienste an, und Cookies k\u00f6nnen verwendet werden, um sich daran zu erinnern, ob Sie bereits registriert sind und ob bestimmte Benachrichtigungen angezeigt werden sollen, die m\u00f6glicherweise nur f\u00fcr angemeldete\/abgemeldete Benutzer gelten.<\/li>\n\n\n\n<li>Cookies, die sich auf die Auftragsabwicklung beziehenDiese Website bietet E-Commerce- oder Zahlungsm\u00f6glichkeiten und einige Cookies sind unerl\u00e4sslich, um sicherzustellen, dass Ihre Bestellung zwischen den Seiten gespeichert wird, damit wir sie ordnungsgem\u00e4\u00df bearbeiten k\u00f6nnen.<\/li>\n\n\n\n<li>Cookies f\u00fcr FormulareWenn Sie Daten \u00fcber ein Formular \u00fcbermitteln, z. B. auf Kontaktseiten oder in Kommentarformularen, k\u00f6nnen Cookies gesetzt werden, um Ihre Benutzerdaten f\u00fcr zuk\u00fcnftige Korrespondenz zu speichern.<\/li>\n\n\n\n<li>Cookies f\u00fcr Website-Pr\u00e4ferenzenUm Ihnen einen angenehmen Aufenthalt auf dieser Website zu erm\u00f6glichen, bieten wir Ihnen die M\u00f6glichkeit, Ihre Pr\u00e4ferenzen f\u00fcr den Betrieb dieser Website festzulegen, wenn Sie sie nutzen. Damit wir uns Ihre Pr\u00e4ferenzen merken k\u00f6nnen, m\u00fcssen wir Cookies setzen, damit diese Informationen bei jeder Interaktion mit einer Seite aufgerufen werden k\u00f6nnen, die von Ihren Pr\u00e4ferenzen beeinflusst wird.<\/li>\n<\/ul>\n\n\n\n<p><strong>Cookies von Dritten<\/strong><\/p>\n\n\n\n<p>In einigen besonderen F\u00e4llen verwenden wir auch Cookies, die von vertrauensw\u00fcrdigen Drittanbietern bereitgestellt werden. Der folgende Abschnitt beschreibt, welche Cookies von Dritten Sie auf dieser Website finden k\u00f6nnen.<\/p>\n\n\n\n<ul class=\"wp-block-list\">\n<li>Analyseprogramme von Drittanbietern werden verwendet, um die Nutzung dieser Website zu verfolgen und zu messen, damit wir weiterhin ansprechende Inhalte erstellen k\u00f6nnen. Diese Cookies k\u00f6nnen Dinge wie die Verweildauer auf der Website oder die von Ihnen besuchten Seiten verfolgen, was uns hilft zu verstehen, wie wir die Website f\u00fcr Sie verbessern k\u00f6nnen.<\/li>\n<\/ul>\n\n\n\n<p><em>Wir verkaufen unser(e) Produkt(e) mit Freemius Secure Checkout, das sichere Online-Zahlungen, Lizenzierung, Abwicklung und mehr erm\u00f6glicht. Der Dienst f\u00fcgt automatisch Cookies hinzu, wenn ein Benutzer die Kaufabwicklung \u00f6ffnet. Diese Cookies sind f\u00fcr die Sicherheit, die Erkennung und Verhinderung von Betrug und den Abschluss eines Kaufs unerl\u00e4sslich. Es gibt keine M\u00f6glichkeit, die Kasse zu \u00f6ffnen, ohne dass der Dienst Cookies verwenden darf.<\/em><\/p>\n\n\n\n<p>Hier ist ein Link zum&nbsp;<a href=\"https:\/\/freemius.com\/privacy\/\" target=\"_blank\" rel=\"noreferrer noopener nofollow\">Freemius-Datenschutzerkl\u00e4rung<\/a>&nbsp;und seine&nbsp;<a href=\"https:\/\/freemius.com\/privacy\/cookies\/checkout\/\" target=\"_blank\" rel=\"noreferrer noopener nofollow\">Checkout-Cookie-Richtlinie<\/a>. Wenn Sie die Cookie-Einstellungen von Freemius deaktivieren m\u00f6chten, gehen Sie bitte zu deren&nbsp;<a href=\"https:\/\/freemius.com\/privacy\/cookies\/checkout\/\" target=\"_blank\" rel=\"noreferrer noopener nofollow\">Cookie-Richtlinie<\/a>&nbsp;und befolgen Sie die Anweisungen zur Abmeldung.<\/p>\n\n\n\n<p><strong>Mehr Informationen<\/strong><\/p>\n\n\n\n<p>Wie bereits erw\u00e4hnt, ist es bei Dingen, bei denen Sie sich nicht sicher sind, ob Sie sie ben\u00f6tigen, in der Regel sicherer, die Cookies aktiviert zu lassen, f\u00fcr den Fall, dass sie mit einer der Funktionen, die Sie auf unserer Website nutzen, interagieren.<\/p>\n\n\n\n<p>Wenn Sie jedoch noch weitere Informationen suchen, k\u00f6nnen Sie\u00a0<a href=\"https:\/\/tableberg.com\/de\/kontakt\/\" data-type=\"link\" data-id=\"https:\/\/tableberg.com\/contact\/\">kontaktieren Sie uns<\/a>.<\/p>","protected":false},"excerpt":{"rendered":"<p>This is the Cookie Policy for Tableberg, accessible from https:\/\/tableberg.com What Are Cookies As is common practice with almost all professional websites this site uses cookies, which are tiny files that are downloaded to your computer, to improve your experience. This page describes what information they gather, how we use it and why we sometimes [&hellip;]<\/p>\n","protected":false},"author":1,"featured_media":0,"parent":0,"menu_order":0,"comment_status":"closed","ping_status":"closed","template":"","meta":{"_eb_attr":"","footnotes":""},"class_list":["post-910","page","type-page","status-publish","hentry"],"featured_image_src":null,"_links":{"self":[{"href":"https:\/\/tableberg.com\/de\/wp-json\/wp\/v2\/pages\/910","targetHints":{"allow":["GET"]}}],"collection":[{"href":"https:\/\/tableberg.com\/de\/wp-json\/wp\/v2\/pages"}],"about":[{"href":"https:\/\/tableberg.com\/de\/wp-json\/wp\/v2\/types\/page"}],"author":[{"embeddable":true,"href":"https:\/\/tableberg.com\/de\/wp-json\/wp\/v2\/users\/1"}],"replies":[{"embeddable":true,"href":"https:\/\/tableberg.com\/de\/wp-json\/wp\/v2\/comments?post=910"}],"version-history":[{"count":3,"href":"https:\/\/tableberg.com\/de\/wp-json\/wp\/v2\/pages\/910\/revisions"}],"predecessor-version":[{"id":10731,"href":"https:\/\/tableberg.com\/de\/wp-json\/wp\/v2\/pages\/910\/revisions\/10731"}],"wp:attachment":[{"href":"https:\/\/tableberg.com\/de\/wp-json\/wp\/v2\/media?parent=910"}],"curies":[{"name":"wp","href":"https:\/\/api.w.org\/{rel}","templated":true}]}}