{"id":17,"date":"2024-07-27T14:42:58","date_gmt":"2024-07-27T14:42:58","guid":{"rendered":"https:\/\/tableberg.com\/?page_id=17"},"modified":"2024-07-27T15:54:45","modified_gmt":"2024-07-27T15:54:45","slug":"politica-de-privacidad-2","status":"publish","type":"page","link":"https:\/\/tableberg.com\/es\/privacy-policy-2\/","title":{"rendered":"Pol\u00edtica de privacidad"},"content":{"rendered":"<p>Su privacidad es muy importante para nosotros. En Tableberg tenemos algunos principios fundamentales:<\/p>\n\n\n\n<ul class=\"wp-block-list\">\n<li>No te pedimos informaci\u00f3n personal a menos que realmente la necesitemos. (No soportamos los servicios que te piden cosas como tu sexo o tu nivel de ingresos sin motivo aparente).<\/li>\n\n\n\n<li>No compartimos su informaci\u00f3n personal con nadie excepto para cumplir la ley, desarrollar nuestros productos o proteger nuestros derechos.<\/li>\n\n\n\n<li>No almacenamos informaci\u00f3n personal en nuestros servidores a menos que sea necesario para el funcionamiento de alguno de nuestros servicios.<\/li>\n\n\n\n<li>En nuestros productos de blogging, nuestro objetivo es simplificar al m\u00e1ximo el control de lo que es visible para el p\u00fablico, lo que ven los motores de b\u00fasqueda, lo que se mantiene privado y lo que se elimina permanentemente.<\/li>\n<\/ul>\n\n\n\n<p>Si tiene preguntas sobre la supresi\u00f3n o correcci\u00f3n de sus datos personales, le rogamos que\u00a0<a href=\"https:\/\/tableberg.com\/es\/pongase-en-contacto-con\/\">Contacto<\/a>.<\/p>\n\n\n\n<h2 class=\"wp-block-heading\">Visitantes del sitio web<\/h2>\n\n\n\n<p>Al igual que la mayor\u00eda de los operadores de sitios web, Tableberg recopila informaci\u00f3n de identificaci\u00f3n no personal del tipo que los navegadores web y los servidores suelen poner a disposici\u00f3n, como el tipo de navegador, preferencia de idioma, sitio de referencia, y la fecha y hora de cada solicitud de visitante. El prop\u00f3sito de Tableberg al recopilar informaci\u00f3n de identificaci\u00f3n no personal es comprender mejor c\u00f3mo los visitantes de Tableberg utilizan su sitio web. De vez en cuando, Tableberg puede publicar informaci\u00f3n no personal en el agregado, por ejemplo, mediante la publicaci\u00f3n de un informe sobre las tendencias en el uso de su sitio web.<\/p>\n\n\n\n<p>Tableberg tambi\u00e9n recopila informaci\u00f3n de identificaci\u00f3n personal potencial, como direcciones IP (Protocolo de Internet). Tableberg s\u00f3lo revela las direcciones IP de los usuarios registrados y de los comentaristas en las mismas circunstancias en las que utiliza y divulga la informaci\u00f3n de identificaci\u00f3n personal que se describen a continuaci\u00f3n, salvo que las direcciones IP y de correo electr\u00f3nico de los comentaristas del blog sean visibles y se comuniquen a los administradores del blog donde se haya dejado el comentario.<\/p>\n\n\n\n<h2 class=\"wp-block-heading\">Recopilaci\u00f3n de datos personales<\/h2>\n\n\n\n<p>Algunas personas que visitan los sitios Web de Tableberg deciden interactuar con Tableberg de un modo que requiere que Tableberg recopile informaci\u00f3n de identificaci\u00f3n personal. La cantidad y el tipo de informaci\u00f3n que Tableberg recopila dependen de la naturaleza de la interacci\u00f3n.<\/p>\n\n\n\n<h2 class=\"wp-block-heading\">Recopilamos informaci\u00f3n sobre nuestros usuarios de las siguientes maneras:<\/h2>\n\n\n\n<ul class=\"wp-block-list\">\n<li>Cuando se suscribe a nuestro servicio, le pedimos su nombre e informaci\u00f3n de contacto para la facturaci\u00f3n.<\/li>\n\n\n\n<li>Nuestros sitios emplean software de an\u00e1lisis como Google Analytics, Clicky.<\/li>\n<\/ul>\n\n\n\n<h2 class=\"wp-block-heading\">Protecci\u00f3n de determinados datos personales<\/h2>\n\n\n\n<p>Tableberg s\u00f3lo divulga informaci\u00f3n de identificaci\u00f3n personal a aquellos de sus empleados, contratistas y organizaciones afiliadas que (i) necesitan conocer dicha informaci\u00f3n para procesarla en nombre de Tableberg o para prestar servicios disponibles en los sitios web de Tableberg, y (ii) que han acordado no divulgarla a terceros. Algunos de estos empleados, contratistas y organizaciones afiliadas pueden estar ubicados fuera de su pa\u00eds de origen; al utilizar los sitios web de Tableberg, usted consiente la transferencia de dicha informaci\u00f3n a ellos. Tableberg no alquilar\u00e1 ni vender\u00e1 a nadie la informaci\u00f3n que pueda identificarle personalmente. Aparte de a sus empleados, contratistas y organizaciones afiliadas, como se describe m\u00e1s arriba, Tableberg s\u00f3lo divulga informaci\u00f3n potencialmente identificable personalmente y de identificaci\u00f3n personal en respuesta a una citaci\u00f3n, orden judicial u otra solicitud gubernamental, o cuando Tableberg considere de buena fe que dicha divulgaci\u00f3n es razonablemente necesaria para proteger los bienes o derechos de Tableberg, de terceros o del p\u00fablico en general. Si usted es un usuario registrado de un sitio web Tableberg y ha proporcionado su direcci\u00f3n de correo electr\u00f3nico, Tableberg puede enviarle ocasionalmente un correo electr\u00f3nico para informarle sobre nuevas caracter\u00edsticas, solicitar sus comentarios, o simplemente para mantenerle al d\u00eda sobre lo que est\u00e1 pasando con Tableberg y nuestros productos. Utilizamos principalmente nuestros blogs de productos para comunicar este tipo de informaci\u00f3n, por lo que esperamos mantener este tipo de correo electr\u00f3nico al m\u00ednimo. Si nos env\u00eda una solicitud (por ejemplo, a trav\u00e9s de un correo electr\u00f3nico de asistencia o de uno de nuestros mecanismos de comentarios), nos reservamos el derecho de publicarla para ayudarnos a aclarar o responder a su solicitud o para ayudarnos a prestar asistencia a otros usuarios. Tableberg toma todas las medidas razonablemente necesarias para protegerse contra el acceso no autorizado, el uso, la alteraci\u00f3n o la destrucci\u00f3n de la informaci\u00f3n que puede identificarle personalmente.<\/p>\n\n\n\n<h2 class=\"wp-block-heading\">Cookies<\/h2>\n\n\n\n<p>Una cookie es una cadena de informaci\u00f3n que un sitio web almacena en el ordenador de un visitante, y que el navegador del visitante proporciona al sitio web cada vez que el visitante regresa. Tableberg utiliza las cookies para ayudar a Tableberg a identificar y rastrear a los visitantes, el uso que hacen del sitio web Tableberg y sus preferencias de acceso al sitio web. Los visitantes de Tableberg que no desean que se instalen cookies en sus ordenadores deben configurar sus navegadores para rechazar las cookies antes de utilizar los sitios web de Tableberg, con el inconveniente de que algunas caracter\u00edsticas de los sitios web de Tableberg pueden no funcionar correctamente sin la ayuda de cookies.<\/p>\n\n\n\n<h2 class=\"wp-block-heading\">Transferencia de empresas<\/h2>\n\n\n\n<p>Si Tableberg, o sustancialmente todos sus activos, fueran adquiridos, o en el improbable caso de que Tableberg quebrara o entrara en bancarrota, la informaci\u00f3n del usuario ser\u00eda uno de los activos transferidos o adquiridos por un tercero. Usted reconoce que dichas transferencias pueden tener lugar, y que cualquier adquirente de Tableberg puede seguir utilizando su informaci\u00f3n personal como se establece en esta pol\u00edtica.<\/p>\n\n\n\n<h2 class=\"wp-block-heading\">Cambios en la pol\u00edtica de privacidad<\/h2>\n\n\n\n<p>Aunque es probable que la mayor\u00eda de los cambios sean de menor importancia, Tableberg puede modificar su Pol\u00edtica de Privacidad de vez en cuando, y a la sola discreci\u00f3n de Tableberg. Tableberg anima a sus visitantes a consultar con frecuencia esta p\u00e1gina para comprobar si se ha producido alg\u00fan cambio en su Pol\u00edtica de privacidad. Si usted tiene una cuenta de WordPress.com, tambi\u00e9n debe comprobar el panel de control de su blog para recibir alertas de estos cambios. El uso continuado de este sitio despu\u00e9s de cualquier cambio en esta Pol\u00edtica de Privacidad constituir\u00e1 su aceptaci\u00f3n de dicho cambio.<\/p>","protected":false},"excerpt":{"rendered":"<p>Your privacy is critically important to us. At Tableberg we have a few fundamental principles: If you have questions about deleting or correcting your personal data please\u00a0contact us. Website Visitors Like most website operators, Tableberg collects non-personally-identifying information of the sort that web browsers and servers typically make available, such as the browser type, language [&hellip;]<\/p>\n","protected":false},"author":1,"featured_media":0,"parent":0,"menu_order":0,"comment_status":"closed","ping_status":"open","template":"","meta":{"_eb_attr":"","footnotes":""},"class_list":["post-17","page","type-page","status-publish","hentry"],"featured_image_src":null,"_links":{"self":[{"href":"https:\/\/tableberg.com\/es\/wp-json\/wp\/v2\/pages\/17","targetHints":{"allow":["GET"]}}],"collection":[{"href":"https:\/\/tableberg.com\/es\/wp-json\/wp\/v2\/pages"}],"about":[{"href":"https:\/\/tableberg.com\/es\/wp-json\/wp\/v2\/types\/page"}],"author":[{"embeddable":true,"href":"https:\/\/tableberg.com\/es\/wp-json\/wp\/v2\/users\/1"}],"replies":[{"embeddable":true,"href":"https:\/\/tableberg.com\/es\/wp-json\/wp\/v2\/comments?post=17"}],"version-history":[{"count":10,"href":"https:\/\/tableberg.com\/es\/wp-json\/wp\/v2\/pages\/17\/revisions"}],"predecessor-version":[{"id":10729,"href":"https:\/\/tableberg.com\/es\/wp-json\/wp\/v2\/pages\/17\/revisions\/10729"}],"wp:attachment":[{"href":"https:\/\/tableberg.com\/es\/wp-json\/wp\/v2\/media?parent=17"}],"curies":[{"name":"wp","href":"https:\/\/api.w.org\/{rel}","templated":true}]}}