{"id":224,"date":"2024-01-04T14:52:15","date_gmt":"2024-01-04T14:52:15","guid":{"rendered":"https:\/\/tableberg.com\/?page_id=224"},"modified":"2024-01-04T14:52:15","modified_gmt":"2024-01-04T14:52:15","slug":"como-empezar","status":"publish","type":"page","link":"https:\/\/tableberg.com\/es\/getting-started\/","title":{"rendered":"C\u00f3mo empezar con Tableberg"},"content":{"rendered":"<p>En <strong>Bloque Tableberg<\/strong> le permite crear f\u00e1cilmente tablas en cualquier p\u00e1gina o entrada.\u00a0<\/p>\n\n\n<div data-is_sticky=\"false\" data-sticky_toc_position=\"left\" data-hide_sticky_on_mobile=\"false\" data-sticky_button_icon='&lt;svg style=\"color:#000000;\" class=\"ub_sticky-toc-open-button-icon\" xmlns=\"http:\/\/www.w3.org\/2000\/svg\" height=\"34px\" width=\"34px\" viewBox=\"0, 0, 448, 512\"&gt;&lt;path fill=\"currentColor\" d=\"M0 96C0 78.33 14.33 64 32 64H416C433.7 64 448 78.33 448 96C448 113.7 433.7 128 416 128H32C14.33 128 0 113.7 0 96zM0 256C0 238.3 14.33 224 32 224H416C433.7 224 448 238.3 448 256C448 273.7 433.7 288 416 288H32C14.33 288 0 273.7 0 256zM416 448H32C14.33 448 0 433.7 0 416C0 398.3 14.33 384 32 384H416C433.7 384 448 398.3 448 416C448 433.7 433.7 448 416 448z\"&gt;&lt;\/svg&gt;' data-sticky_button_color=\"#000000\" data-sticky_toc_width=\"320px\" class=\"wp-block-ub-table-of-contents-block ub_table-of-contents\" id=\"ub_table-of-contents-11e5c0ea-586f-4309-98e1-f6f0a45b7bfe\" data-linktodivider=\"false\" data-showtext=\"show\" data-hidetext=\"hide\" data-scrolltype=\"auto\" data-enablesmoothscroll=\"false\" data-initiallyhideonmobile=\"false\" data-initiallyshow=\"true\"><div class=\"ub_table-of-contents-header-container\" style=\"\">\n\t\t\t<div class=\"ub_table-of-contents-header\" style=\"text-align: left; \">\n\t\t\t\t<div class=\"ub_table-of-contents-title\">En esta gu\u00eda:<\/div>\n\t\t\t\t\n\t\t\t<\/div>\n\t\t<\/div><div class=\"ub_table-of-contents-extra-container\" style=\"\">\n\t\t\t<div class=\"ub_table-of-contents-container ub_table-of-contents-1-column\">\n\t\t\t\t<ul style=\"\"><li style=\"\"><a href=\"https:\/\/tableberg.com\/es\/getting-started\/#0-adding-a-table\" style=\"\">A\u00f1adir una tabla<\/a><ul><li style=\"\"><a href=\"https:\/\/tableberg.com\/es\/getting-started\/#1-step-1-add-the-tableberg-block\" style=\"\">Paso 1: A\u00f1adir el bloque Tableberg<\/a><\/li><li style=\"\"><a href=\"https:\/\/tableberg.com\/es\/getting-started\/#2-step-2-select-the-number-columns-amp-rows\" style=\"\">Paso 2: Seleccione el n\u00famero de columnas y filas<\/a><\/li><\/ul><\/li><li style=\"\"><a href=\"https:\/\/tableberg.com\/es\/getting-started\/#3-adding-content-to-the-table-\" style=\"\">A\u00f1adir contenido a la tabla\u00a0<\/a><\/li><li style=\"\"><a href=\"https:\/\/tableberg.com\/es\/getting-started\/#4-adding-additional-rowscolumns\" style=\"\">A\u00f1adir filas\/columnas adicionales<\/a><\/li><li style=\"\"><a href=\"https:\/\/tableberg.com\/es\/getting-started\/#5-deleting-columnrow\" style=\"\">Borrar columna\/fila<\/a><\/li><li style=\"\"><a href=\"https:\/\/tableberg.com\/es\/getting-started\/#6-customization\" style=\"\">Personalizaci\u00f3n<\/a><ul><li style=\"\"><a href=\"https:\/\/tableberg.com\/es\/getting-started\/#7-block-toolbar\" style=\"\">Bloquear la barra de herramientas<\/a><\/li><li style=\"\"><a href=\"https:\/\/tableberg.com\/es\/getting-started\/#8-settings\" style=\"\">Ajustes<\/a><\/li><li style=\"\"><a href=\"https:\/\/tableberg.com\/es\/getting-started\/#9-styles\" style=\"\">Estilos<\/a><\/li><\/ul><\/li><\/ul>\n\t\t\t<\/div>\n\t\t<\/div><\/div>\n\n\n<h2 class=\"wp-block-heading\" id=\"0-adding-a-table\">A\u00f1adir una tabla<\/h2>\n\n\n\n<p>Para a\u00f1adir una tabla, siga estos sencillos pasos:<\/p>\n\n\n\n<h3 class=\"wp-block-heading\" id=\"1-step-1-add-the-tableberg-block\">Paso 1: A\u00f1adir el bloque Tableberg<\/h3>\n\n\n\n<p>Vaya al editor de bloques de WordPress y haga clic en el bot\u00f3n <strong>+<\/strong> signo (<strong>1<\/strong>). A continuaci\u00f3n, busque \"Tableberg\" (<strong>2<\/strong>) y haga clic en el bloque (<strong>3<\/strong>) para insertarlo. <\/p>\n\n\n\n<figure class=\"wp-block-image size-large has-custom-border\"><img loading=\"lazy\" decoding=\"async\" width=\"1024\" height=\"563\" src=\"https:\/\/tableberg.com\/wp-content\/uploads\/2024\/01\/Adding-the-Tableberg-Block-1024x563.png\" alt=\"\" class=\"has-border-color has-main-accent-border-color wp-image-197\" style=\"border-width:1px;border-radius:3px\" srcset=\"https:\/\/tableberg.com\/wp-content\/uploads\/2024\/01\/Adding-the-Tableberg-Block-1024x563.png 1024w, https:\/\/tableberg.com\/wp-content\/uploads\/2024\/01\/Adding-the-Tableberg-Block-300x165.png 300w, https:\/\/tableberg.com\/wp-content\/uploads\/2024\/01\/Adding-the-Tableberg-Block-768x422.png 768w, https:\/\/tableberg.com\/wp-content\/uploads\/2024\/01\/Adding-the-Tableberg-Block-1536x845.png 1536w, https:\/\/tableberg.com\/wp-content\/uploads\/2024\/01\/Adding-the-Tableberg-Block-2048x1126.png 2048w\" sizes=\"auto, (max-width: 1024px) 100vw, 1024px\" \/><\/figure>\n\n\n\n<h3 class=\"wp-block-heading\" id=\"2-step-2-select-the-number-columns-amp-rows\">Paso 2: Seleccione el n\u00famero de columnas y filas<\/h3>\n\n\n\n<p>Seleccione ahora el n\u00famero de columnas y filas (<strong>1<\/strong>) y haga clic en el bot\u00f3n \"Crear tabla\" (<strong>2<\/strong>).<\/p>\n\n\n\n<figure class=\"wp-block-image size-large has-custom-border\"><img loading=\"lazy\" decoding=\"async\" width=\"1024\" height=\"486\" src=\"https:\/\/tableberg.com\/wp-content\/uploads\/2024\/01\/Number-of-Columns-Rows-1024x486.png\" alt=\"\" class=\"has-border-color has-main-accent-border-color wp-image-200\" style=\"border-width:1px;border-radius:3px\" srcset=\"https:\/\/tableberg.com\/wp-content\/uploads\/2024\/01\/Number-of-Columns-Rows-1024x486.png 1024w, https:\/\/tableberg.com\/wp-content\/uploads\/2024\/01\/Number-of-Columns-Rows-300x142.png 300w, https:\/\/tableberg.com\/wp-content\/uploads\/2024\/01\/Number-of-Columns-Rows-768x364.png 768w, https:\/\/tableberg.com\/wp-content\/uploads\/2024\/01\/Number-of-Columns-Rows-1536x728.png 1536w, https:\/\/tableberg.com\/wp-content\/uploads\/2024\/01\/Number-of-Columns-Rows-2048x971.png 2048w\" sizes=\"auto, (max-width: 1024px) 100vw, 1024px\" \/><\/figure>\n\n\n\n<p>Ahora tendr\u00e1s una tabla en blanco como esta - <\/p>\n\n\n\n<figure class=\"wp-block-image size-large has-custom-border\"><img loading=\"lazy\" decoding=\"async\" width=\"1024\" height=\"756\" src=\"https:\/\/tableberg.com\/wp-content\/uploads\/2024\/01\/Blank-Table--1024x756.png\" alt=\"\" class=\"has-border-color has-main-accent-border-color wp-image-202\" style=\"border-width:1px;border-radius:3px\" srcset=\"https:\/\/tableberg.com\/wp-content\/uploads\/2024\/01\/Blank-Table--1024x756.png 1024w, https:\/\/tableberg.com\/wp-content\/uploads\/2024\/01\/Blank-Table--300x222.png 300w, https:\/\/tableberg.com\/wp-content\/uploads\/2024\/01\/Blank-Table--768x567.png 768w, https:\/\/tableberg.com\/wp-content\/uploads\/2024\/01\/Blank-Table--1536x1134.png 1536w, https:\/\/tableberg.com\/wp-content\/uploads\/2024\/01\/Blank-Table--2048x1512.png 2048w\" sizes=\"auto, (max-width: 1024px) 100vw, 1024px\" \/><\/figure>\n\n\n<div class=\"wp-block-ub-divider ub_divider ub-divider-orientation-horizontal\" id=\"ub_divider_b2b92324-9418-4a4e-ba8b-1cb5788e8d1e\"><div class=\"ub_divider_wrapper\" style=\"position: relative; margin-bottom: 2px; width: 100%; height: 2px; \" data-divider-alignment=\"center\"><div class=\"ub_divider_line\" style=\"border-top: 2px solid #ccc; margin-top: 2px; \"><\/div><\/div><\/div>\n\n\n<h2 class=\"wp-block-heading\" id=\"3-adding-content-to-the-table-\">A\u00f1adir contenido a la tabla&nbsp;<\/h2>\n\n\n\n<p>Para a\u00f1adir contenido de texto, s\u00f3lo tiene que empezar a escribir en la celda. <\/p>\n\n\n\n<figure class=\"wp-block-image size-full has-custom-border\"><img loading=\"lazy\" decoding=\"async\" width=\"1200\" height=\"916\" src=\"https:\/\/tableberg.com\/wp-content\/uploads\/2024\/01\/Adding-text-to-the-table-1.gif\" alt=\"\" class=\"has-border-color wp-image-205\" style=\"border-color:#d0ccde;border-width:1px;border-radius:3px\"\/><\/figure>\n\n\n\n<p>Para a\u00f1adir otro tipo de contenido (Imagen, Lista o Bot\u00f3n), seleccione la celda y haga clic en el signo +. A continuaci\u00f3n, seleccione el subbloque que desee.<\/p>\n\n\n\n<figure class=\"wp-block-image size-large has-custom-border\"><img loading=\"lazy\" decoding=\"async\" width=\"1024\" height=\"724\" src=\"https:\/\/tableberg.com\/wp-content\/uploads\/2024\/01\/Adding-content-to-the-table--1024x724.png\" alt=\"\" class=\"has-border-color wp-image-206\" style=\"border-color:#d0ccde;border-width:1px;border-radius:3px\" srcset=\"https:\/\/tableberg.com\/wp-content\/uploads\/2024\/01\/Adding-content-to-the-table--1024x724.png 1024w, https:\/\/tableberg.com\/wp-content\/uploads\/2024\/01\/Adding-content-to-the-table--300x212.png 300w, https:\/\/tableberg.com\/wp-content\/uploads\/2024\/01\/Adding-content-to-the-table--768x543.png 768w, https:\/\/tableberg.com\/wp-content\/uploads\/2024\/01\/Adding-content-to-the-table--1536x1085.png 1536w, https:\/\/tableberg.com\/wp-content\/uploads\/2024\/01\/Adding-content-to-the-table--2048x1447.png 2048w\" sizes=\"auto, (max-width: 1024px) 100vw, 1024px\" \/><\/figure>\n\n\n\n<p>Desde aqu\u00ed, podr\u00e1 a\u00f1adir un p\u00e1rrafo, un bot\u00f3n, una imagen y una lista. Solo tienes que hacer clic en el bloque y se insertar\u00e1.&nbsp;<\/p>\n\n\n\n<ul class=\"wp-block-list\">\n<li><strong>P\u00e1rrafo<\/strong>: Este bloque le permitir\u00e1 escribir texto.&nbsp;<\/li>\n\n\n\n<li><strong>Bot\u00f3n<\/strong>: Con la ayuda de este bloque, podr\u00e1 a\u00f1adir un bot\u00f3n dentro de la tabla.&nbsp;<\/li>\n\n\n\n<li><strong>Imagen<\/strong>: Este bloque de imagen le ayuda a a\u00f1adir im\u00e1genes dentro de la tabla.&nbsp;<\/li>\n\n\n\n<li><strong>Lista<\/strong>: Este bloque le permite a\u00f1adir una lista en su tabla.&nbsp;<\/li>\n<\/ul>\n\n\n<div class=\"wp-block-ub-divider ub_divider ub-divider-orientation-horizontal\" id=\"ub_divider_a37afe93-2f2f-4e11-9ad9-f61c6b5ee453\"><div class=\"ub_divider_wrapper\" style=\"position: relative; margin-bottom: 2px; width: 100%; height: 2px; \" data-divider-alignment=\"center\"><div class=\"ub_divider_line\" style=\"border-top: 2px solid #ccc; margin-top: 2px; \"><\/div><\/div><\/div>\n\n\n<h2 class=\"wp-block-heading\" id=\"4-adding-additional-rowscolumns\">A\u00f1adir filas\/columnas adicionales<\/h2>\n\n\n\n<p>Para a\u00f1adir una fila adicional, seleccione la fila y haga clic en el icono de tabla de la barra de herramientas. <\/p>\n\n\n\n<figure class=\"wp-block-image size-large has-custom-border\"><img loading=\"lazy\" decoding=\"async\" width=\"1024\" height=\"873\" src=\"https:\/\/tableberg.com\/wp-content\/uploads\/2024\/01\/Selecting-the-row-1024x873.png\" alt=\"\" class=\"has-border-color wp-image-209\" style=\"border-color:#d0ccde;border-width:1px;border-radius:3px\" srcset=\"https:\/\/tableberg.com\/wp-content\/uploads\/2024\/01\/Selecting-the-row-1024x873.png 1024w, https:\/\/tableberg.com\/wp-content\/uploads\/2024\/01\/Selecting-the-row-300x256.png 300w, https:\/\/tableberg.com\/wp-content\/uploads\/2024\/01\/Selecting-the-row-768x655.png 768w, https:\/\/tableberg.com\/wp-content\/uploads\/2024\/01\/Selecting-the-row-1536x1309.png 1536w, https:\/\/tableberg.com\/wp-content\/uploads\/2024\/01\/Selecting-the-row-2048x1746.png 2048w\" sizes=\"auto, (max-width: 1024px) 100vw, 1024px\" \/><\/figure>\n\n\n\n<p>A continuaci\u00f3n, haga clic en \"Insertar fila antes\" o \"Insertar fila despu\u00e9s\", seg\u00fan sus preferencias. <\/p>\n\n\n\n<figure class=\"wp-block-image size-large has-custom-border\"><img loading=\"lazy\" decoding=\"async\" width=\"1024\" height=\"857\" src=\"https:\/\/tableberg.com\/wp-content\/uploads\/2024\/01\/Insert-row-before-and-after-1024x857.png\" alt=\"\" class=\"has-border-color wp-image-210\" style=\"border-color:#d0ccde;border-width:1px;border-radius:3px\" srcset=\"https:\/\/tableberg.com\/wp-content\/uploads\/2024\/01\/Insert-row-before-and-after-1024x857.png 1024w, https:\/\/tableberg.com\/wp-content\/uploads\/2024\/01\/Insert-row-before-and-after-300x251.png 300w, https:\/\/tableberg.com\/wp-content\/uploads\/2024\/01\/Insert-row-before-and-after-768x643.png 768w, https:\/\/tableberg.com\/wp-content\/uploads\/2024\/01\/Insert-row-before-and-after-1536x1285.png 1536w, https:\/\/tableberg.com\/wp-content\/uploads\/2024\/01\/Insert-row-before-and-after-2048x1713.png 2048w\" sizes=\"auto, (max-width: 1024px) 100vw, 1024px\" \/><\/figure>\n\n\n\n<p>Si hace clic en \"Insertar fila despu\u00e9s de\", se insertar\u00e1 una fila despu\u00e9s de la fila que haya seleccionado.&nbsp;<\/p>\n\n\n\n<figure class=\"wp-block-image size-large has-custom-border\"><img loading=\"lazy\" decoding=\"async\" width=\"1024\" height=\"981\" src=\"https:\/\/tableberg.com\/wp-content\/uploads\/2024\/01\/Additional-Rows-1024x981.png\" alt=\"\" class=\"has-border-color wp-image-211\" style=\"border-color:#d0ccde;border-width:1px;border-radius:3px\" srcset=\"https:\/\/tableberg.com\/wp-content\/uploads\/2024\/01\/Additional-Rows-1024x981.png 1024w, https:\/\/tableberg.com\/wp-content\/uploads\/2024\/01\/Additional-Rows-300x288.png 300w, https:\/\/tableberg.com\/wp-content\/uploads\/2024\/01\/Additional-Rows-768x736.png 768w, https:\/\/tableberg.com\/wp-content\/uploads\/2024\/01\/Additional-Rows-1536x1472.png 1536w, https:\/\/tableberg.com\/wp-content\/uploads\/2024\/01\/Additional-Rows-2048x1963.png 2048w\" sizes=\"auto, (max-width: 1024px) 100vw, 1024px\" \/><\/figure>\n\n\n\n<p>Del mismo modo, si desea a\u00f1adir una columna, haga clic en \"Insertar columna antes\" o \"Insertar columna despu\u00e9s\". <\/p>\n\n\n\n<figure class=\"wp-block-image size-large has-custom-border\"><img loading=\"lazy\" decoding=\"async\" width=\"1024\" height=\"857\" src=\"https:\/\/tableberg.com\/wp-content\/uploads\/2024\/01\/Adding-Columns-1024x857.png\" alt=\"\" class=\"has-border-color wp-image-212\" style=\"border-color:#d0ccde;border-width:1px;border-radius:3px\" srcset=\"https:\/\/tableberg.com\/wp-content\/uploads\/2024\/01\/Adding-Columns-1024x857.png 1024w, https:\/\/tableberg.com\/wp-content\/uploads\/2024\/01\/Adding-Columns-300x251.png 300w, https:\/\/tableberg.com\/wp-content\/uploads\/2024\/01\/Adding-Columns-768x643.png 768w, https:\/\/tableberg.com\/wp-content\/uploads\/2024\/01\/Adding-Columns-1536x1285.png 1536w, https:\/\/tableberg.com\/wp-content\/uploads\/2024\/01\/Adding-Columns-2048x1713.png 2048w\" sizes=\"auto, (max-width: 1024px) 100vw, 1024px\" \/><\/figure>\n\n\n\n<p>Si hace clic en \"Insertar columna despu\u00e9s de\", se insertar\u00e1 una columna despu\u00e9s de la columna que haya seleccionado.<\/p>\n\n\n\n<figure class=\"wp-block-image size-large has-custom-border\"><img loading=\"lazy\" decoding=\"async\" width=\"1003\" height=\"1024\" src=\"https:\/\/tableberg.com\/wp-content\/uploads\/2024\/01\/Adding-Columns-1-1003x1024.png\" alt=\"\" class=\"has-border-color wp-image-214\" style=\"border-color:#d0ccde;border-width:1px;border-radius:3px\" srcset=\"https:\/\/tableberg.com\/wp-content\/uploads\/2024\/01\/Adding-Columns-1-1003x1024.png 1003w, https:\/\/tableberg.com\/wp-content\/uploads\/2024\/01\/Adding-Columns-1-294x300.png 294w, https:\/\/tableberg.com\/wp-content\/uploads\/2024\/01\/Adding-Columns-1-768x784.png 768w, https:\/\/tableberg.com\/wp-content\/uploads\/2024\/01\/Adding-Columns-1-1505x1536.png 1505w, https:\/\/tableberg.com\/wp-content\/uploads\/2024\/01\/Adding-Columns-1-2006x2048.png 2006w\" sizes=\"auto, (max-width: 1003px) 100vw, 1003px\" \/><\/figure>\n\n\n<div class=\"wp-block-ub-divider ub_divider ub-divider-orientation-horizontal\" id=\"ub_divider_58554561-153f-497f-a0ad-9b3d90e09c65\"><div class=\"ub_divider_wrapper\" style=\"position: relative; margin-bottom: 2px; width: 100%; height: 2px; \" data-divider-alignment=\"center\"><div class=\"ub_divider_line\" style=\"border-top: 2px solid #ccc; margin-top: 2px; \"><\/div><\/div><\/div>\n\n\n<h2 class=\"wp-block-heading\" id=\"5-deleting-columnrow\">Borrar columna\/fila<\/h2>\n\n\n\n<p>Para eliminar una fila o columna, haz clic en ella y pulsa el icono \"Editar tabla\". A continuaci\u00f3n, haz clic en \"Eliminar fila\" o \"Eliminar columna\".&nbsp;<\/p>\n\n\n\n<figure class=\"wp-block-image aligncenter size-large has-custom-border\"><img loading=\"lazy\" decoding=\"async\" width=\"1024\" height=\"863\" src=\"https:\/\/tableberg.com\/wp-content\/uploads\/2024\/01\/Deleting-RowColumn-1024x863.png\" alt=\"\" class=\"has-border-color wp-image-216\" style=\"border-color:#d0ccde;border-width:1px;border-radius:3px\" srcset=\"https:\/\/tableberg.com\/wp-content\/uploads\/2024\/01\/Deleting-RowColumn-1024x863.png 1024w, https:\/\/tableberg.com\/wp-content\/uploads\/2024\/01\/Deleting-RowColumn-300x253.png 300w, https:\/\/tableberg.com\/wp-content\/uploads\/2024\/01\/Deleting-RowColumn-768x647.png 768w, https:\/\/tableberg.com\/wp-content\/uploads\/2024\/01\/Deleting-RowColumn-1536x1294.png 1536w, https:\/\/tableberg.com\/wp-content\/uploads\/2024\/01\/Deleting-RowColumn-2048x1725.png 2048w\" sizes=\"auto, (max-width: 1024px) 100vw, 1024px\" \/><\/figure>\n\n\n<div class=\"wp-block-ub-divider ub_divider ub-divider-orientation-horizontal\" id=\"ub_divider_eee667a7-bdc8-4d2f-b170-0424db095c4c\"><div class=\"ub_divider_wrapper\" style=\"position: relative; margin-bottom: 2px; width: 100%; height: 2px; \" data-divider-alignment=\"center\"><div class=\"ub_divider_line\" style=\"border-top: 2px solid #ccc; margin-top: 2px; \"><\/div><\/div><\/div>\n\n\n<h2 class=\"wp-block-heading\" id=\"6-customization\">Personalizaci\u00f3n<\/h2>\n\n\n\n<p>Podr\u00e1s personalizar tu mesa muy f\u00e1cilmente.&nbsp;<\/p>\n\n\n\n<h3 class=\"wp-block-heading\" id=\"7-block-toolbar\">Bloquear la barra de herramientas<\/h3>\n\n\n\n<p>Al hacer clic en el bloque, aparecer\u00e1 una barra de herramientas con distintas opciones.&nbsp;<\/p>\n\n\n\n<figure class=\"wp-block-image size-large has-custom-border\"><img loading=\"lazy\" decoding=\"async\" width=\"1024\" height=\"914\" src=\"https:\/\/tableberg.com\/wp-content\/uploads\/2024\/01\/Block-Toolbar--1024x914.png\" alt=\"\" class=\"has-border-color wp-image-217\" style=\"border-color:#d0ccde;border-width:1px;border-radius:3px\" srcset=\"https:\/\/tableberg.com\/wp-content\/uploads\/2024\/01\/Block-Toolbar--1024x914.png 1024w, https:\/\/tableberg.com\/wp-content\/uploads\/2024\/01\/Block-Toolbar--300x268.png 300w, https:\/\/tableberg.com\/wp-content\/uploads\/2024\/01\/Block-Toolbar--768x685.png 768w, https:\/\/tableberg.com\/wp-content\/uploads\/2024\/01\/Block-Toolbar--1536x1371.png 1536w, https:\/\/tableberg.com\/wp-content\/uploads\/2024\/01\/Block-Toolbar--2048x1828.png 2048w\" sizes=\"auto, (max-width: 1024px) 100vw, 1024px\" \/><\/figure>\n\n\n\n<p>Desde esta barra de herramientas, podr\u00e1 cambiar la alineaci\u00f3n vertical, a\u00f1adir\/eliminar filas y columnas, etc.&nbsp;<\/p>\n\n\n\n<p>Al hacer clic en otros bloques, ver\u00e1 una barra de herramientas en la que pueden aparecer distintas opciones seg\u00fan el bloque.&nbsp;<\/p>\n\n\n\n<h3 class=\"wp-block-heading\" id=\"8-settings\">Ajustes<\/h3>\n\n\n\n<p>Para encontrar los ajustes de bloqueo, haga clic en el bloqueo y luego en ajustes.&nbsp;<\/p>\n\n\n\n<figure class=\"wp-block-image size-large has-custom-border\"><img loading=\"lazy\" decoding=\"async\" width=\"1024\" height=\"907\" src=\"https:\/\/tableberg.com\/wp-content\/uploads\/2024\/01\/Tableberg-Block-Settings-1024x907.png\" alt=\"\" class=\"has-border-color wp-image-219\" style=\"border-color:#d0ccde;border-width:1px;border-radius:3px\" srcset=\"https:\/\/tableberg.com\/wp-content\/uploads\/2024\/01\/Tableberg-Block-Settings-1024x907.png 1024w, https:\/\/tableberg.com\/wp-content\/uploads\/2024\/01\/Tableberg-Block-Settings-300x266.png 300w, https:\/\/tableberg.com\/wp-content\/uploads\/2024\/01\/Tableberg-Block-Settings-768x680.png 768w, https:\/\/tableberg.com\/wp-content\/uploads\/2024\/01\/Tableberg-Block-Settings-1536x1361.png 1536w, https:\/\/tableberg.com\/wp-content\/uploads\/2024\/01\/Tableberg-Block-Settings-2048x1814.png 2048w\" sizes=\"auto, (max-width: 1024px) 100vw, 1024px\" \/><\/figure>\n\n\n\n<p>Desde aqu\u00ed, podr\u00e1 personalizar la configuraci\u00f3n de su bloque.&nbsp;<\/p>\n\n\n\n<h3 class=\"wp-block-heading\" id=\"9-styles\">Estilos<\/h3>\n\n\n\n<p>Si quieres dar estilo a tu bloque, haz clic en \u00e9l y pulsa Configuraci\u00f3n -&gt; Estilos.&nbsp;<\/p>\n\n\n\n<figure class=\"wp-block-image aligncenter size-large has-custom-border\"><img loading=\"lazy\" decoding=\"async\" width=\"1024\" height=\"898\" src=\"https:\/\/tableberg.com\/wp-content\/uploads\/2024\/01\/Block-Styles-Tab-1024x898.png\" alt=\"\" class=\"has-border-color wp-image-222\" style=\"border-color:#d0ccde;border-width:1px;border-radius:3px\" srcset=\"https:\/\/tableberg.com\/wp-content\/uploads\/2024\/01\/Block-Styles-Tab-1024x898.png 1024w, https:\/\/tableberg.com\/wp-content\/uploads\/2024\/01\/Block-Styles-Tab-300x263.png 300w, https:\/\/tableberg.com\/wp-content\/uploads\/2024\/01\/Block-Styles-Tab-768x673.png 768w, https:\/\/tableberg.com\/wp-content\/uploads\/2024\/01\/Block-Styles-Tab-1536x1347.png 1536w, https:\/\/tableberg.com\/wp-content\/uploads\/2024\/01\/Block-Styles-Tab-2048x1795.png 2048w\" sizes=\"auto, (max-width: 1024px) 100vw, 1024px\" \/><\/figure>\n\n\n\n<p>A partir de aqu\u00ed, podr\u00e1 dar estilo a su bloque.&nbsp;<\/p>\n\n\n<div class=\"wp-block-ub-divider ub_divider ub-divider-orientation-horizontal\" id=\"ub_divider_dd169565-017f-44dd-a039-d47b5cc7f782\"><div class=\"ub_divider_wrapper\" style=\"position: relative; margin-bottom: 2px; width: 100%; height: 2px; \" data-divider-alignment=\"center\"><div class=\"ub_divider_line\" style=\"border-top: 2px solid #ccc; margin-top: 2px; \"><\/div><\/div><\/div>\n\n\n<div class=\"wp-block-group is-content-justification-center is-nowrap is-layout-flex wp-container-core-group-is-layout-23441af8 wp-block-group-is-layout-flex\">\n<p>\u00bfNo encuentra lo que busca?<\/p>\n\n\n\n<div class=\"wp-block-buttons is-layout-flex wp-block-buttons-is-layout-flex\">\n<div class=\"wp-block-button has-custom-width wp-block-button__width-100\"><a class=\"wp-block-button__link has-background wp-element-button\" href=\"https:\/\/tableberg.com\/es\/pongase-en-contacto-con\/\" style=\"background-color:#671feb\" target=\"_blank\" rel=\"noreferrer noopener\">P\u00f3ngase en contacto con nosotros<\/a><\/div>\n<\/div>\n<\/div>","protected":false},"excerpt":{"rendered":"<p>The Tableberg block allows you to easily create tables in any page or post.\u00a0 Adding a Table To add a table, follow these simple steps: Step 1: Add The Tableberg Block Go to the WordPress Block Editor and click on the + sign (1). Then search for &#8216;Tableberg&#8217; (2) and click on the block (3) [&hellip;]<\/p>\n","protected":false},"author":1,"featured_media":0,"parent":0,"menu_order":0,"comment_status":"closed","ping_status":"closed","template":"","meta":{"_eb_attr":"","footnotes":""},"class_list":["post-224","page","type-page","status-publish","hentry"],"featured_image_src":null,"_links":{"self":[{"href":"https:\/\/tableberg.com\/es\/wp-json\/wp\/v2\/pages\/224","targetHints":{"allow":["GET"]}}],"collection":[{"href":"https:\/\/tableberg.com\/es\/wp-json\/wp\/v2\/pages"}],"about":[{"href":"https:\/\/tableberg.com\/es\/wp-json\/wp\/v2\/types\/page"}],"author":[{"embeddable":true,"href":"https:\/\/tableberg.com\/es\/wp-json\/wp\/v2\/users\/1"}],"replies":[{"embeddable":true,"href":"https:\/\/tableberg.com\/es\/wp-json\/wp\/v2\/comments?post=224"}],"version-history":[{"count":3,"href":"https:\/\/tableberg.com\/es\/wp-json\/wp\/v2\/pages\/224\/revisions"}],"predecessor-version":[{"id":227,"href":"https:\/\/tableberg.com\/es\/wp-json\/wp\/v2\/pages\/224\/revisions\/227"}],"wp:attachment":[{"href":"https:\/\/tableberg.com\/es\/wp-json\/wp\/v2\/media?parent=224"}],"curies":[{"name":"wp","href":"https:\/\/api.w.org\/{rel}","templated":true}]}}