{"id":62,"date":"2024-07-27T14:46:48","date_gmt":"2024-07-27T14:46:48","guid":{"rendered":"https:\/\/tableberg.com\/?page_id=62"},"modified":"2025-08-15T19:00:02","modified_gmt":"2025-08-15T19:00:02","slug":"politica-de-reembolso","status":"publish","type":"page","link":"https:\/\/tableberg.com\/es\/refund-policy\/","title":{"rendered":"Pol\u00edtica de reembolso"},"content":{"rendered":"<p>Estamos detr\u00e1s de la calidad de nuestro plugin y su satisfacci\u00f3n con \u00e9l es importante para nosotros. Si experimenta problemas con el plugin, estaremos encantados de proporcionar un reembolso dentro de los 14 d\u00edas de la fecha de actualizaci\u00f3n original. \u00a1SIN PREGUNTAS! Aunque nos encantar\u00eda recibir sus comentarios sobre el plugin.<\/p>\n\n\n\n<p>Se ofrecer\u00e1n reembolsos si cumple plenamente todas las condiciones siguientes:<\/p>\n\n\n\n<ul class=\"wp-block-list\">\n<li>You are within the first 30 days of the purchase of the plugin.<\/li>\n\n\n\n<li>Su solicitud de reembolso no se refiere a los pagos de renovaci\u00f3n de suscripciones anuales (se env\u00edan correos electr\u00f3nicos recordatorios antes de todas las renovaciones de suscripciones).<\/li>\n<\/ul>\n\n\n\n<p>NOTA: No se reembolsar\u00e1n las tasas de entrada.<\/p>\n\n\n\n<p>Al subirse de categor\u00eda, usted acepta esta pol\u00edtica de reembolso y renuncia a cualquier derecho a someterla a cualquier pregunta, juicio o acci\u00f3n legal.<\/p>\n\n\n\n<p>Para presentar una solicitud de devoluci\u00f3n,&nbsp;<a href=\"https:\/\/tableberg.com\/es\/pongase-en-contacto-con\/\" target=\"_blank\" rel=\"noreferrer noopener\">Contacto<\/a>.<\/p>","protected":false},"excerpt":{"rendered":"<p>We stand behind our plugin\u2019s quality and your satisfaction with it is important to us. If you experience problems with the plugin, we will be happy to provide a refund within 14 days of the original upgrade date. NO QUESTIONS ASKED! Although we would love your feedback on the plugin. Refunds will be offered if [&hellip;]<\/p>\n","protected":false},"author":1,"featured_media":0,"parent":0,"menu_order":0,"comment_status":"closed","ping_status":"closed","template":"","meta":{"_eb_attr":"","footnotes":""},"class_list":["post-62","page","type-page","status-publish","hentry"],"featured_image_src":null,"_links":{"self":[{"href":"https:\/\/tableberg.com\/es\/wp-json\/wp\/v2\/pages\/62","targetHints":{"allow":["GET"]}}],"collection":[{"href":"https:\/\/tableberg.com\/es\/wp-json\/wp\/v2\/pages"}],"about":[{"href":"https:\/\/tableberg.com\/es\/wp-json\/wp\/v2\/types\/page"}],"author":[{"embeddable":true,"href":"https:\/\/tableberg.com\/es\/wp-json\/wp\/v2\/users\/1"}],"replies":[{"embeddable":true,"href":"https:\/\/tableberg.com\/es\/wp-json\/wp\/v2\/comments?post=62"}],"version-history":[{"count":3,"href":"https:\/\/tableberg.com\/es\/wp-json\/wp\/v2\/pages\/62\/revisions"}],"predecessor-version":[{"id":10728,"href":"https:\/\/tableberg.com\/es\/wp-json\/wp\/v2\/pages\/62\/revisions\/10728"}],"wp:attachment":[{"href":"https:\/\/tableberg.com\/es\/wp-json\/wp\/v2\/media?parent=62"}],"curies":[{"name":"wp","href":"https:\/\/api.w.org\/{rel}","templated":true}]}}