{"id":910,"date":"2024-07-27T14:49:19","date_gmt":"2024-07-27T14:49:19","guid":{"rendered":"https:\/\/tableberg.com\/?page_id=910"},"modified":"2024-07-27T14:50:42","modified_gmt":"2024-07-27T14:50:42","slug":"politica-de-cookies","status":"publish","type":"page","link":"https:\/\/tableberg.com\/es\/cookie-policy\/","title":{"rendered":"Pol\u00edtica de cookies"},"content":{"rendered":"<p>Esta es la Pol\u00edtica de Cookies de Tableberg, accesible desde https:\/\/tableberg.com<\/p>\n\n\n\n<p><strong>Qu\u00e9 son las cookies<\/strong><\/p>\n\n\n\n<p>Como es pr\u00e1ctica habitual en casi todos los sitios web profesionales, este sitio utiliza cookies, que son peque\u00f1os archivos que se descargan en su ordenador para mejorar su experiencia. Esta p\u00e1gina describe qu\u00e9 informaci\u00f3n recopilan, c\u00f3mo la utilizamos y por qu\u00e9 a veces necesitamos almacenar estas cookies. Tambi\u00e9n le explicaremos c\u00f3mo puede evitar que se almacenen estas cookies, aunque esto puede degradar o \"romper\" ciertos elementos de la funcionalidad de los sitios.<\/p>\n\n\n\n<p>Para m\u00e1s informaci\u00f3n general sobre las cookies, consulte el art\u00edculo de Wikipedia sobre Cookies HTTP.<\/p>\n\n\n\n<p><strong>C\u00f3mo utilizamos las cookies<\/strong><\/p>\n\n\n\n<p>Utilizamos cookies por una serie de razones que se detallan a continuaci\u00f3n. Lamentablemente, en la mayor\u00eda de los casos no existen opciones est\u00e1ndar para desactivar las cookies sin desactivar por completo la funcionalidad y las caracter\u00edsticas que a\u00f1aden a este sitio. Se recomienda dejar activadas todas las cookies si no est\u00e1 seguro de si las necesita o no en caso de que se utilicen para prestar un servicio que usted utilice.<\/p>\n\n\n\n<p><strong>Desactivar las cookies<\/strong><\/p>\n\n\n\n<p>Puede evitar la instalaci\u00f3n de cookies ajustando la configuraci\u00f3n de su navegador (consulte la Ayuda de su navegador para saber c\u00f3mo hacerlo). Tenga en cuenta que deshabilitar las cookies afectar\u00e1 a la funcionalidad de este sitio web y de muchos otros que visite. La desactivaci\u00f3n de las cookies suele conllevar tambi\u00e9n la desactivaci\u00f3n de determinadas funciones y caracter\u00edsticas de este sitio. Por lo tanto, le recomendamos que no desactive las cookies.<\/p>\n\n\n\n<p><strong>Las cookies que instalamos<\/strong><\/p>\n\n\n\n<ul class=\"wp-block-list\">\n<li>Cookies relacionadas con boletines de correo electr\u00f3nicoEste sitio ofrece servicios de bolet\u00edn de noticias o suscripci\u00f3n por correo electr\u00f3nico y se pueden utilizar cookies para recordar si ya est\u00e1 registrado y si mostrar ciertas notificaciones que s\u00f3lo podr\u00edan ser v\u00e1lidas para usuarios suscritos\/no suscritos.<\/li>\n\n\n\n<li>Cookies relacionadas con el procesamiento de pedidosEste sitio ofrece facilidades de comercio electr\u00f3nico o de pago y algunas cookies son esenciales para asegurar que su pedido sea recordado entre p\u00e1ginas para que podamos procesarlo adecuadamente.<\/li>\n\n\n\n<li>Cookies relacionadas con formulariosCuando usted env\u00eda datos a trav\u00e9s de un formulario, como los que se encuentran en las p\u00e1ginas de contacto o en los formularios de comentarios, pueden establecerse cookies para recordar sus datos de usuario para futuras correspondencias.<\/li>\n\n\n\n<li>Cookies de preferencias del sitioCon el fin de proporcionarle una gran experiencia en este sitio le proporcionamos la funcionalidad para establecer sus preferencias sobre c\u00f3mo funciona este sitio cuando lo utiliza. Con el fin de recordar sus preferencias que necesitamos para establecer cookies para que esta informaci\u00f3n puede ser llamada cada vez que interact\u00faa con una p\u00e1gina se ve afectada por sus preferencias.<\/li>\n<\/ul>\n\n\n\n<p><strong>Cookies de terceros<\/strong><\/p>\n\n\n\n<p>En algunos casos especiales tambi\u00e9n utilizamos cookies proporcionadas por terceros de confianza. En la siguiente secci\u00f3n se detalla qu\u00e9 cookies de terceros puede encontrar a trav\u00e9s de este sitio.<\/p>\n\n\n\n<ul class=\"wp-block-list\">\n<li>Las anal\u00edticas de terceros se utilizan para rastrear y medir el uso de este sitio, de modo que podamos seguir produciendo contenidos atractivos. Estas cookies pueden rastrear cosas como el tiempo que pasa en el sitio o las p\u00e1ginas que visita, lo que nos ayuda a entender c\u00f3mo podemos mejorar el sitio para usted.<\/li>\n<\/ul>\n\n\n\n<p><em>Vendemos nuestros productos mediante el sistema de pago seguro Freemius, que permite realizar pagos seguros en l\u00ednea, obtener licencias, tramitar pedidos y mucho m\u00e1s. El servicio a\u00f1ade autom\u00e1ticamente cookies cuando un usuario abre la caja. Se trata de cookies esenciales para la seguridad, la detecci\u00f3n y prevenci\u00f3n de fraudes y la finalizaci\u00f3n de la compra. No hay forma de pagar sin permitir que el servicio utilice cookies.<\/em><\/p>\n\n\n\n<p>Aqu\u00ed hay un enlace a la&nbsp;<a href=\"https:\/\/freemius.com\/privacy\/\" target=\"_blank\" rel=\"noreferrer noopener nofollow\">Pol\u00edtica de privacidad de Freemius<\/a>&nbsp;y su&nbsp;<a href=\"https:\/\/freemius.com\/privacy\/cookies\/checkout\/\" target=\"_blank\" rel=\"noreferrer noopener nofollow\">pol\u00edtica de cookies<\/a>. Si desea rechazar la instalaci\u00f3n de cookies de Freemius, vaya a su p\u00e1gina web&nbsp;<a href=\"https:\/\/freemius.com\/privacy\/cookies\/checkout\/\" target=\"_blank\" rel=\"noreferrer noopener nofollow\">pol\u00edtica de cookies<\/a>&nbsp;y siga sus instrucciones para darse de baja.<\/p>\n\n\n\n<p><strong>M\u00e1s informaci\u00f3n<\/strong><\/p>\n\n\n\n<p>Esperamos que esto le haya aclarado las cosas y, como se mencion\u00f3 anteriormente, si hay algo que no est\u00e1 seguro de si necesita o no, normalmente es m\u00e1s seguro dejar las cookies activadas en caso de que interact\u00faen con alguna de las funciones que utiliza en nuestro sitio.<\/p>\n\n\n\n<p>No obstante, si sigue buscando m\u00e1s informaci\u00f3n, puede\u00a0<a href=\"https:\/\/tableberg.com\/es\/pongase-en-contacto-con\/\" data-type=\"link\" data-id=\"https:\/\/tableberg.com\/contact\/\">Contacto<\/a>.<\/p>","protected":false},"excerpt":{"rendered":"<p>This is the Cookie Policy for Tableberg, accessible from https:\/\/tableberg.com What Are Cookies As is common practice with almost all professional websites this site uses cookies, which are tiny files that are downloaded to your computer, to improve your experience. This page describes what information they gather, how we use it and why we sometimes [&hellip;]<\/p>\n","protected":false},"author":1,"featured_media":0,"parent":0,"menu_order":0,"comment_status":"closed","ping_status":"closed","template":"","meta":{"_eb_attr":"","footnotes":""},"class_list":["post-910","page","type-page","status-publish","hentry"],"featured_image_src":null,"_links":{"self":[{"href":"https:\/\/tableberg.com\/es\/wp-json\/wp\/v2\/pages\/910","targetHints":{"allow":["GET"]}}],"collection":[{"href":"https:\/\/tableberg.com\/es\/wp-json\/wp\/v2\/pages"}],"about":[{"href":"https:\/\/tableberg.com\/es\/wp-json\/wp\/v2\/types\/page"}],"author":[{"embeddable":true,"href":"https:\/\/tableberg.com\/es\/wp-json\/wp\/v2\/users\/1"}],"replies":[{"embeddable":true,"href":"https:\/\/tableberg.com\/es\/wp-json\/wp\/v2\/comments?post=910"}],"version-history":[{"count":3,"href":"https:\/\/tableberg.com\/es\/wp-json\/wp\/v2\/pages\/910\/revisions"}],"predecessor-version":[{"id":10731,"href":"https:\/\/tableberg.com\/es\/wp-json\/wp\/v2\/pages\/910\/revisions\/10731"}],"wp:attachment":[{"href":"https:\/\/tableberg.com\/es\/wp-json\/wp\/v2\/media?parent=910"}],"curies":[{"name":"wp","href":"https:\/\/api.w.org\/{rel}","templated":true}]}}