{"id":17,"date":"2024-07-27T14:42:58","date_gmt":"2024-07-27T14:42:58","guid":{"rendered":"https:\/\/tableberg.com\/?page_id=17"},"modified":"2024-07-27T15:54:45","modified_gmt":"2024-07-27T15:54:45","slug":"politique-de-confidentialite-2","status":"publish","type":"page","link":"https:\/\/tableberg.com\/fr\/privacy-policy-2\/","title":{"rendered":"Politique de confidentialit\u00e9"},"content":{"rendered":"<p>Nous attachons une grande importance \u00e0 la protection de votre vie priv\u00e9e. Chez Tableberg, nous avons quelques principes fondamentaux :<\/p>\n\n\n\n<ul class=\"wp-block-list\">\n<li>Nous ne vous demandons pas d'informations personnelles, sauf si nous en avons vraiment besoin. (Nous ne supportons pas les services qui vous demandent sans raison apparente des informations telles que votre sexe ou votre niveau de revenu).<\/li>\n\n\n\n<li>Nous ne partageons vos informations personnelles avec personne, sauf pour nous conformer \u00e0 la loi, d\u00e9velopper nos produits ou prot\u00e9ger nos droits.<\/li>\n\n\n\n<li>Nous ne stockons pas d'informations personnelles sur nos serveurs, sauf si cela est n\u00e9cessaire au fonctionnement continu de l'un de nos services.<\/li>\n\n\n\n<li>Dans nos produits de blogging, nous nous effor\u00e7ons de simplifier au maximum le contr\u00f4le de ce qui est visible par le public, vu par les moteurs de recherche, gard\u00e9 priv\u00e9 et d\u00e9finitivement supprim\u00e9.<\/li>\n<\/ul>\n\n\n\n<p>Si vous avez des questions concernant la suppression ou la correction de vos donn\u00e9es personnelles, veuillez vous adresser \u00e0\u00a0<a href=\"https:\/\/tableberg.com\/fr\/contact\/\">nous contacter<\/a>.<\/p>\n\n\n\n<h2 class=\"wp-block-heading\">Visiteurs du site web<\/h2>\n\n\n\n<p>Comme la plupart des op\u00e9rateurs de sites web, Tableberg recueille des informations d'identification non personnelles du type de celles que les navigateurs et serveurs web mettent g\u00e9n\u00e9ralement \u00e0 disposition, telles que le type de navigateur, les pr\u00e9f\u00e9rences linguistiques, le site de r\u00e9f\u00e9rence, ainsi que la date et l'heure de chaque requ\u00eate du visiteur. L'objectif de Tableberg en recueillant des informations d'identification non personnelles est de mieux comprendre comment les visiteurs de Tableberg utilisent son site web. De temps \u00e0 autre, Tableberg peut publier des informations d'identification non personnelles dans l'ensemble, par exemple en publiant un rapport sur les tendances d'utilisation de son site web.<\/p>\n\n\n\n<p>Tableberg recueille \u00e9galement des informations potentiellement nominatives telles que les adresses de protocole Internet (IP). Tableberg ne divulgue les adresses IP des utilisateurs connect\u00e9s et des commentateurs que dans les m\u00eames circonstances que celles dans lesquelles il utilise et divulgue les informations d'identification personnelle d\u00e9crites ci-dessous, \u00e0 l'exception des adresses IP et des adresses \u00e9lectroniques des commentateurs de blogs qui sont visibles et divulgu\u00e9es aux administrateurs du blog sur lequel le commentaire a \u00e9t\u00e9 laiss\u00e9.<\/p>\n\n\n\n<h2 class=\"wp-block-heading\">Collecte d'informations d'identification personnelle<\/h2>\n\n\n\n<p>Certains visiteurs des sites web de Tableberg choisissent d'interagir avec Tableberg d'une mani\u00e8re qui exige que Tableberg recueille des informations d'identification personnelle. La quantit\u00e9 et le type d'informations recueillies par Tableberg d\u00e9pendent de la nature de l'interaction.<\/p>\n\n\n\n<h2 class=\"wp-block-heading\">Nous recueillons des informations sur nos utilisateurs de la mani\u00e8re suivante :<\/h2>\n\n\n\n<ul class=\"wp-block-list\">\n<li>Lorsque vous vous inscrivez \u00e0 notre service, nous vous demandons votre nom et vos coordonn\u00e9es pour la facturation.<\/li>\n\n\n\n<li>Nos sites utilisent des logiciels d'analyse, notamment Google Analytics et Clicky.<\/li>\n<\/ul>\n\n\n\n<h2 class=\"wp-block-heading\">Protection de certaines informations d'identification personnelle<\/h2>\n\n\n\n<p>Tableberg ne divulgue les informations d'identification personnelle et potentiellement personnelles qu'\u00e0 ses employ\u00e9s, contractants et organisations affili\u00e9es qui (i) ont besoin de conna\u00eetre ces informations afin de les traiter pour le compte de Tableberg ou de fournir des services disponibles sur les sites web de Tableberg, et (ii) qui ont accept\u00e9 de ne pas les divulguer \u00e0 d'autres personnes. Certains de ces employ\u00e9s, contractants et organisations affili\u00e9es peuvent \u00eatre situ\u00e9s en dehors de votre pays d'origine ; en utilisant les sites web de Tableberg, vous consentez au transfert de ces informations vers eux. Tableberg ne louera ni ne vendra \u00e0 qui que ce soit des informations potentiellement identifiantes et nominatives. \u00c0 l'exception de ses employ\u00e9s, contractants et organisations affili\u00e9es, comme d\u00e9crit ci-dessus, Tableberg ne divulgue les informations d'identification personnelle et potentiellement personnelles qu'en r\u00e9ponse \u00e0 une citation \u00e0 compara\u00eetre, une ordonnance du tribunal ou une autre demande gouvernementale, ou lorsque Tableberg estime en toute bonne foi que la divulgation est raisonnablement n\u00e9cessaire pour prot\u00e9ger la propri\u00e9t\u00e9 ou les droits de Tableberg, de tiers ou du public en g\u00e9n\u00e9ral. Si vous \u00eates un utilisateur enregistr\u00e9 d'un site web de Tableberg et que vous avez fourni votre adresse e-mail, Tableberg peut occasionnellement vous envoyer un e-mail pour vous informer des nouvelles fonctionnalit\u00e9s, solliciter vos commentaires, ou simplement vous tenir au courant de ce qui se passe avec Tableberg et nos produits. Nous utilisons principalement nos diff\u00e9rents blogs de produits pour communiquer ce type d'information, nous esp\u00e9rons donc limiter ce type d'email au minimum. Si vous nous envoyez une demande (par exemple via un e-mail d'assistance ou via l'un de nos m\u00e9canismes de retour d'information), nous nous r\u00e9servons le droit de la publier afin de nous aider \u00e0 clarifier ou \u00e0 r\u00e9pondre \u00e0 votre demande, ou pour nous aider \u00e0 aider d'autres utilisateurs. Tableberg prend toutes les mesures raisonnablement n\u00e9cessaires pour se prot\u00e9ger contre l'acc\u00e8s non autoris\u00e9, l'utilisation, l'alt\u00e9ration ou la destruction d'informations potentiellement nominatives et d'identification personnelle.<\/p>\n\n\n\n<h2 class=\"wp-block-heading\">Cookies<\/h2>\n\n\n\n<p>Un cookie est une cha\u00eene d'informations qu'un site web stocke sur l'ordinateur d'un visiteur et que le navigateur du visiteur fournit au site web \u00e0 chaque fois que le visiteur revient. Tableberg utilise des cookies pour aider Tableberg \u00e0 identifier et \u00e0 suivre les visiteurs, leur utilisation du site web de Tableberg et leurs pr\u00e9f\u00e9rences d'acc\u00e8s au site web. Les visiteurs de Tableberg qui ne souhaitent pas que des cookies soient plac\u00e9s sur leur ordinateur doivent configurer leur navigateur de mani\u00e8re \u00e0 refuser les cookies avant d'utiliser les sites web de Tableberg, avec l'inconv\u00e9nient que certaines fonctionnalit\u00e9s des sites web de Tableberg peuvent ne pas fonctionner correctement sans l'aide des cookies.<\/p>\n\n\n\n<h2 class=\"wp-block-heading\">Transferts d'entreprises<\/h2>\n\n\n\n<p>Si Tableberg, ou la quasi-totalit\u00e9 de ses actifs, \u00e9tait acquis, ou dans le cas improbable o\u00f9 Tableberg cesserait ses activit\u00e9s ou ferait faillite, les informations relatives aux utilisateurs feraient partie des actifs transf\u00e9r\u00e9s ou acquis par une tierce partie. Vous reconnaissez que de tels transferts peuvent avoir lieu et que tout acqu\u00e9reur de Tableberg peut continuer \u00e0 utiliser vos informations personnelles comme indiqu\u00e9 dans la pr\u00e9sente politique.<\/p>\n\n\n\n<h2 class=\"wp-block-heading\">Modifications de la politique de confidentialit\u00e9<\/h2>\n\n\n\n<p>Bien que la plupart des changements soient mineurs, Tableberg peut modifier sa politique de confidentialit\u00e9 de temps \u00e0 autre et \u00e0 sa seule discr\u00e9tion. Tableberg encourage les visiteurs \u00e0 consulter fr\u00e9quemment cette page pour prendre connaissance des modifications apport\u00e9es \u00e0 sa politique de confidentialit\u00e9. Si vous disposez d'un compte WordPress.com, vous devriez \u00e9galement consulter le tableau de bord de votre blog pour \u00eatre averti de ces changements. En continuant \u00e0 utiliser ce site apr\u00e8s toute modification de la politique de confidentialit\u00e9, vous acceptez cette modification.<\/p>","protected":false},"excerpt":{"rendered":"<p>Your privacy is critically important to us. At Tableberg we have a few fundamental principles: If you have questions about deleting or correcting your personal data please\u00a0contact us. Website Visitors Like most website operators, Tableberg collects non-personally-identifying information of the sort that web browsers and servers typically make available, such as the browser type, language [&hellip;]<\/p>\n","protected":false},"author":1,"featured_media":0,"parent":0,"menu_order":0,"comment_status":"closed","ping_status":"open","template":"","meta":{"_eb_attr":"","footnotes":""},"class_list":["post-17","page","type-page","status-publish","hentry"],"featured_image_src":null,"_links":{"self":[{"href":"https:\/\/tableberg.com\/fr\/wp-json\/wp\/v2\/pages\/17","targetHints":{"allow":["GET"]}}],"collection":[{"href":"https:\/\/tableberg.com\/fr\/wp-json\/wp\/v2\/pages"}],"about":[{"href":"https:\/\/tableberg.com\/fr\/wp-json\/wp\/v2\/types\/page"}],"author":[{"embeddable":true,"href":"https:\/\/tableberg.com\/fr\/wp-json\/wp\/v2\/users\/1"}],"replies":[{"embeddable":true,"href":"https:\/\/tableberg.com\/fr\/wp-json\/wp\/v2\/comments?post=17"}],"version-history":[{"count":10,"href":"https:\/\/tableberg.com\/fr\/wp-json\/wp\/v2\/pages\/17\/revisions"}],"predecessor-version":[{"id":10729,"href":"https:\/\/tableberg.com\/fr\/wp-json\/wp\/v2\/pages\/17\/revisions\/10729"}],"wp:attachment":[{"href":"https:\/\/tableberg.com\/fr\/wp-json\/wp\/v2\/media?parent=17"}],"curies":[{"name":"wp","href":"https:\/\/api.w.org\/{rel}","templated":true}]}}