{"id":224,"date":"2024-01-04T14:52:15","date_gmt":"2024-01-04T14:52:15","guid":{"rendered":"https:\/\/tableberg.com\/?page_id=224"},"modified":"2024-01-04T14:52:15","modified_gmt":"2024-01-04T14:52:15","slug":"pour-commencer","status":"publish","type":"page","link":"https:\/\/tableberg.com\/fr\/getting-started\/","title":{"rendered":"Comment d\u00e9marrer avec Tableberg"},"content":{"rendered":"<p>Les <strong>Bloc Tableberg<\/strong> vous permet de cr\u00e9er facilement des tableaux dans n'importe quelle page ou article.\u00a0<\/p>\n\n\n<div data-is_sticky=\"false\" data-sticky_toc_position=\"left\" data-hide_sticky_on_mobile=\"false\" data-sticky_button_icon='&lt;svg style=\"color:#000000;\" class=\"ub_sticky-toc-open-button-icon\" xmlns=\"http:\/\/www.w3.org\/2000\/svg\" height=\"34px\" width=\"34px\" viewBox=\"0, 0, 448, 512\"&gt;&lt;path fill=\"currentColor\" d=\"M0 96C0 78.33 14.33 64 32 64H416C433.7 64 448 78.33 448 96C448 113.7 433.7 128 416 128H32C14.33 128 0 113.7 0 96zM0 256C0 238.3 14.33 224 32 224H416C433.7 224 448 238.3 448 256C448 273.7 433.7 288 416 288H32C14.33 288 0 273.7 0 256zM416 448H32C14.33 448 0 433.7 0 416C0 398.3 14.33 384 32 384H416C433.7 384 448 398.3 448 416C448 433.7 433.7 448 416 448z\"&gt;&lt;\/svg&gt;' data-sticky_button_color=\"#000000\" data-sticky_toc_width=\"320px\" class=\"wp-block-ub-table-of-contents-block ub_table-of-contents\" id=\"ub_table-of-contents-11e5c0ea-586f-4309-98e1-f6f0a45b7bfe\" data-linktodivider=\"false\" data-showtext=\"show\" data-hidetext=\"hide\" data-scrolltype=\"auto\" data-enablesmoothscroll=\"false\" data-initiallyhideonmobile=\"false\" data-initiallyshow=\"true\"><div class=\"ub_table-of-contents-header-container\" style=\"\">\n\t\t\t<div class=\"ub_table-of-contents-header\" style=\"text-align: left; \">\n\t\t\t\t<div class=\"ub_table-of-contents-title\">Dans ce guide :<\/div>\n\t\t\t\t\n\t\t\t<\/div>\n\t\t<\/div><div class=\"ub_table-of-contents-extra-container\" style=\"\">\n\t\t\t<div class=\"ub_table-of-contents-container ub_table-of-contents-1-column\">\n\t\t\t\t<ul style=\"\"><li style=\"\"><a href=\"https:\/\/tableberg.com\/fr\/getting-started\/#0-adding-a-table\" style=\"\">Ajouter un tableau<\/a><ul><li style=\"\"><a href=\"https:\/\/tableberg.com\/fr\/getting-started\/#1-step-1-add-the-tableberg-block\" style=\"\">\u00c9tape 1 : Ajouter le bloc Tableberg<\/a><\/li><li style=\"\"><a href=\"https:\/\/tableberg.com\/fr\/getting-started\/#2-step-2-select-the-number-columns-amp-rows\" style=\"\">\u00c9tape 2 : S\u00e9lectionner le nombre de colonnes et de lignes<\/a><\/li><\/ul><\/li><li style=\"\"><a href=\"https:\/\/tableberg.com\/fr\/getting-started\/#3-adding-content-to-the-table-\" style=\"\">Ajouter du contenu au tableau\u00a0<\/a><\/li><li style=\"\"><a href=\"https:\/\/tableberg.com\/fr\/getting-started\/#4-adding-additional-rowscolumns\" style=\"\">Ajout de lignes\/colonnes suppl\u00e9mentaires<\/a><\/li><li style=\"\"><a href=\"https:\/\/tableberg.com\/fr\/getting-started\/#5-deleting-columnrow\" style=\"\">Suppression d'une colonne ou d'une ligne<\/a><\/li><li style=\"\"><a href=\"https:\/\/tableberg.com\/fr\/getting-started\/#6-customization\" style=\"\">Personnalisation<\/a><ul><li style=\"\"><a href=\"https:\/\/tableberg.com\/fr\/getting-started\/#7-block-toolbar\" style=\"\">Barre d'outils de blocage<\/a><\/li><li style=\"\"><a href=\"https:\/\/tableberg.com\/fr\/getting-started\/#8-settings\" style=\"\">Param\u00e8tres<\/a><\/li><li style=\"\"><a href=\"https:\/\/tableberg.com\/fr\/getting-started\/#9-styles\" style=\"\">Styles<\/a><\/li><\/ul><\/li><\/ul>\n\t\t\t<\/div>\n\t\t<\/div><\/div>\n\n\n<h2 class=\"wp-block-heading\" id=\"0-adding-a-table\">Ajouter un tableau<\/h2>\n\n\n\n<p>Pour ajouter un tableau, suivez ces \u00e9tapes simples :<\/p>\n\n\n\n<h3 class=\"wp-block-heading\" id=\"1-step-1-add-the-tableberg-block\">\u00c9tape 1 : Ajouter le bloc Tableberg<\/h3>\n\n\n\n<p>Allez dans l'\u00e9diteur de blocs de WordPress et cliquez sur le bouton <strong>+<\/strong> signe (<strong>1<\/strong>). Recherchez ensuite \"Tableberg\" (<strong>2<\/strong>) et cliquez sur le bloc (<strong>3<\/strong>) pour l'ins\u00e9rer. <\/p>\n\n\n\n<figure class=\"wp-block-image size-large has-custom-border\"><img loading=\"lazy\" decoding=\"async\" width=\"1024\" height=\"563\" src=\"https:\/\/tableberg.com\/wp-content\/uploads\/2024\/01\/Adding-the-Tableberg-Block-1024x563.png\" alt=\"\" class=\"has-border-color has-main-accent-border-color wp-image-197\" style=\"border-width:1px;border-radius:3px\" srcset=\"https:\/\/tableberg.com\/wp-content\/uploads\/2024\/01\/Adding-the-Tableberg-Block-1024x563.png 1024w, https:\/\/tableberg.com\/wp-content\/uploads\/2024\/01\/Adding-the-Tableberg-Block-300x165.png 300w, https:\/\/tableberg.com\/wp-content\/uploads\/2024\/01\/Adding-the-Tableberg-Block-768x422.png 768w, https:\/\/tableberg.com\/wp-content\/uploads\/2024\/01\/Adding-the-Tableberg-Block-1536x845.png 1536w, https:\/\/tableberg.com\/wp-content\/uploads\/2024\/01\/Adding-the-Tableberg-Block-2048x1126.png 2048w\" sizes=\"auto, (max-width: 1024px) 100vw, 1024px\" \/><\/figure>\n\n\n\n<h3 class=\"wp-block-heading\" id=\"2-step-2-select-the-number-columns-amp-rows\">\u00c9tape 2 : S\u00e9lectionner le nombre de colonnes et de lignes<\/h3>\n\n\n\n<p>S\u00e9lectionnez maintenant le nombre de colonnes et de lignes (<strong>1<\/strong>) et cliquez sur le bouton \"Cr\u00e9er un tableau\" (<strong>2<\/strong>).<\/p>\n\n\n\n<figure class=\"wp-block-image size-large has-custom-border\"><img loading=\"lazy\" decoding=\"async\" width=\"1024\" height=\"486\" src=\"https:\/\/tableberg.com\/wp-content\/uploads\/2024\/01\/Number-of-Columns-Rows-1024x486.png\" alt=\"\" class=\"has-border-color has-main-accent-border-color wp-image-200\" style=\"border-width:1px;border-radius:3px\" srcset=\"https:\/\/tableberg.com\/wp-content\/uploads\/2024\/01\/Number-of-Columns-Rows-1024x486.png 1024w, https:\/\/tableberg.com\/wp-content\/uploads\/2024\/01\/Number-of-Columns-Rows-300x142.png 300w, https:\/\/tableberg.com\/wp-content\/uploads\/2024\/01\/Number-of-Columns-Rows-768x364.png 768w, https:\/\/tableberg.com\/wp-content\/uploads\/2024\/01\/Number-of-Columns-Rows-1536x728.png 1536w, https:\/\/tableberg.com\/wp-content\/uploads\/2024\/01\/Number-of-Columns-Rows-2048x971.png 2048w\" sizes=\"auto, (max-width: 1024px) 100vw, 1024px\" \/><\/figure>\n\n\n\n<p>Vous obtenez alors un tableau vierge comme celui-ci - <\/p>\n\n\n\n<figure class=\"wp-block-image size-large has-custom-border\"><img loading=\"lazy\" decoding=\"async\" width=\"1024\" height=\"756\" src=\"https:\/\/tableberg.com\/wp-content\/uploads\/2024\/01\/Blank-Table--1024x756.png\" alt=\"\" class=\"has-border-color has-main-accent-border-color wp-image-202\" style=\"border-width:1px;border-radius:3px\" srcset=\"https:\/\/tableberg.com\/wp-content\/uploads\/2024\/01\/Blank-Table--1024x756.png 1024w, https:\/\/tableberg.com\/wp-content\/uploads\/2024\/01\/Blank-Table--300x222.png 300w, https:\/\/tableberg.com\/wp-content\/uploads\/2024\/01\/Blank-Table--768x567.png 768w, https:\/\/tableberg.com\/wp-content\/uploads\/2024\/01\/Blank-Table--1536x1134.png 1536w, https:\/\/tableberg.com\/wp-content\/uploads\/2024\/01\/Blank-Table--2048x1512.png 2048w\" sizes=\"auto, (max-width: 1024px) 100vw, 1024px\" \/><\/figure>\n\n\n<div class=\"wp-block-ub-divider ub_divider ub-divider-orientation-horizontal\" id=\"ub_divider_b2b92324-9418-4a4e-ba8b-1cb5788e8d1e\"><div class=\"ub_divider_wrapper\" style=\"position: relative; margin-bottom: 2px; width: 100%; height: 2px; \" data-divider-alignment=\"center\"><div class=\"ub_divider_line\" style=\"border-top: 2px solid #ccc; margin-top: 2px; \"><\/div><\/div><\/div>\n\n\n<h2 class=\"wp-block-heading\" id=\"3-adding-content-to-the-table-\">Ajouter du contenu au tableau&nbsp;<\/h2>\n\n\n\n<p>Pour ajouter du texte, il suffit de commencer \u00e0 taper dans la cellule. <\/p>\n\n\n\n<figure class=\"wp-block-image size-full has-custom-border\"><img loading=\"lazy\" decoding=\"async\" width=\"1200\" height=\"916\" src=\"https:\/\/tableberg.com\/wp-content\/uploads\/2024\/01\/Adding-text-to-the-table-1.gif\" alt=\"\" class=\"has-border-color wp-image-205\" style=\"border-color:#d0ccde;border-width:1px;border-radius:3px\"\/><\/figure>\n\n\n\n<p>Pour ajouter un autre type de contenu (image, liste ou bouton), s\u00e9lectionnez la cellule et cliquez sur le signe +. S\u00e9lectionnez ensuite le sous-bloc souhait\u00e9.<\/p>\n\n\n\n<figure class=\"wp-block-image size-large has-custom-border\"><img loading=\"lazy\" decoding=\"async\" width=\"1024\" height=\"724\" src=\"https:\/\/tableberg.com\/wp-content\/uploads\/2024\/01\/Adding-content-to-the-table--1024x724.png\" alt=\"\" class=\"has-border-color wp-image-206\" style=\"border-color:#d0ccde;border-width:1px;border-radius:3px\" srcset=\"https:\/\/tableberg.com\/wp-content\/uploads\/2024\/01\/Adding-content-to-the-table--1024x724.png 1024w, https:\/\/tableberg.com\/wp-content\/uploads\/2024\/01\/Adding-content-to-the-table--300x212.png 300w, https:\/\/tableberg.com\/wp-content\/uploads\/2024\/01\/Adding-content-to-the-table--768x543.png 768w, https:\/\/tableberg.com\/wp-content\/uploads\/2024\/01\/Adding-content-to-the-table--1536x1085.png 1536w, https:\/\/tableberg.com\/wp-content\/uploads\/2024\/01\/Adding-content-to-the-table--2048x1447.png 2048w\" sizes=\"auto, (max-width: 1024px) 100vw, 1024px\" \/><\/figure>\n\n\n\n<p>\u00c0 partir de l\u00e0, vous pourrez ajouter un paragraphe, un bouton, une image et une liste. Il suffit de cliquer sur le bloc pour qu'il soit ins\u00e9r\u00e9.&nbsp;<\/p>\n\n\n\n<ul class=\"wp-block-list\">\n<li><strong>Paragraphe<\/strong>: Ce bloc vous permet d'\u00e9crire du texte.&nbsp;<\/li>\n\n\n\n<li><strong>Bouton<\/strong>: A l'aide de ce bloc, vous pourrez ajouter un bouton \u00e0 l'int\u00e9rieur du tableau.&nbsp;<\/li>\n\n\n\n<li><strong>Image<\/strong>: Ce bloc image vous permet d'ajouter des images \u00e0 l'int\u00e9rieur du tableau.&nbsp;<\/li>\n\n\n\n<li><strong>Liste<\/strong>: Ce bloc vous permet d'ajouter une liste dans votre tableau.&nbsp;<\/li>\n<\/ul>\n\n\n<div class=\"wp-block-ub-divider ub_divider ub-divider-orientation-horizontal\" id=\"ub_divider_a37afe93-2f2f-4e11-9ad9-f61c6b5ee453\"><div class=\"ub_divider_wrapper\" style=\"position: relative; margin-bottom: 2px; width: 100%; height: 2px; \" data-divider-alignment=\"center\"><div class=\"ub_divider_line\" style=\"border-top: 2px solid #ccc; margin-top: 2px; \"><\/div><\/div><\/div>\n\n\n<h2 class=\"wp-block-heading\" id=\"4-adding-additional-rowscolumns\">Ajout de lignes\/colonnes suppl\u00e9mentaires<\/h2>\n\n\n\n<p>Pour ajouter une ligne suppl\u00e9mentaire, s\u00e9lectionnez la ligne et cliquez sur l'ic\u00f4ne de tableau dans la barre d'outils. <\/p>\n\n\n\n<figure class=\"wp-block-image size-large has-custom-border\"><img loading=\"lazy\" decoding=\"async\" width=\"1024\" height=\"873\" src=\"https:\/\/tableberg.com\/wp-content\/uploads\/2024\/01\/Selecting-the-row-1024x873.png\" alt=\"\" class=\"has-border-color wp-image-209\" style=\"border-color:#d0ccde;border-width:1px;border-radius:3px\" srcset=\"https:\/\/tableberg.com\/wp-content\/uploads\/2024\/01\/Selecting-the-row-1024x873.png 1024w, https:\/\/tableberg.com\/wp-content\/uploads\/2024\/01\/Selecting-the-row-300x256.png 300w, https:\/\/tableberg.com\/wp-content\/uploads\/2024\/01\/Selecting-the-row-768x655.png 768w, https:\/\/tableberg.com\/wp-content\/uploads\/2024\/01\/Selecting-the-row-1536x1309.png 1536w, https:\/\/tableberg.com\/wp-content\/uploads\/2024\/01\/Selecting-the-row-2048x1746.png 2048w\" sizes=\"auto, (max-width: 1024px) 100vw, 1024px\" \/><\/figure>\n\n\n\n<p>Cliquez ensuite sur \"Ins\u00e9rer une ligne avant\" ou \"Ins\u00e9rer une ligne apr\u00e8s\" selon votre pr\u00e9f\u00e9rence. <\/p>\n\n\n\n<figure class=\"wp-block-image size-large has-custom-border\"><img loading=\"lazy\" decoding=\"async\" width=\"1024\" height=\"857\" src=\"https:\/\/tableberg.com\/wp-content\/uploads\/2024\/01\/Insert-row-before-and-after-1024x857.png\" alt=\"\" class=\"has-border-color wp-image-210\" style=\"border-color:#d0ccde;border-width:1px;border-radius:3px\" srcset=\"https:\/\/tableberg.com\/wp-content\/uploads\/2024\/01\/Insert-row-before-and-after-1024x857.png 1024w, https:\/\/tableberg.com\/wp-content\/uploads\/2024\/01\/Insert-row-before-and-after-300x251.png 300w, https:\/\/tableberg.com\/wp-content\/uploads\/2024\/01\/Insert-row-before-and-after-768x643.png 768w, https:\/\/tableberg.com\/wp-content\/uploads\/2024\/01\/Insert-row-before-and-after-1536x1285.png 1536w, https:\/\/tableberg.com\/wp-content\/uploads\/2024\/01\/Insert-row-before-and-after-2048x1713.png 2048w\" sizes=\"auto, (max-width: 1024px) 100vw, 1024px\" \/><\/figure>\n\n\n\n<p>Si vous cliquez sur \"Ins\u00e9rer une ligne apr\u00e8s\", une ligne sera ins\u00e9r\u00e9e apr\u00e8s la ligne que vous avez s\u00e9lectionn\u00e9e.&nbsp;<\/p>\n\n\n\n<figure class=\"wp-block-image size-large has-custom-border\"><img loading=\"lazy\" decoding=\"async\" width=\"1024\" height=\"981\" src=\"https:\/\/tableberg.com\/wp-content\/uploads\/2024\/01\/Additional-Rows-1024x981.png\" alt=\"\" class=\"has-border-color wp-image-211\" style=\"border-color:#d0ccde;border-width:1px;border-radius:3px\" srcset=\"https:\/\/tableberg.com\/wp-content\/uploads\/2024\/01\/Additional-Rows-1024x981.png 1024w, https:\/\/tableberg.com\/wp-content\/uploads\/2024\/01\/Additional-Rows-300x288.png 300w, https:\/\/tableberg.com\/wp-content\/uploads\/2024\/01\/Additional-Rows-768x736.png 768w, https:\/\/tableberg.com\/wp-content\/uploads\/2024\/01\/Additional-Rows-1536x1472.png 1536w, https:\/\/tableberg.com\/wp-content\/uploads\/2024\/01\/Additional-Rows-2048x1963.png 2048w\" sizes=\"auto, (max-width: 1024px) 100vw, 1024px\" \/><\/figure>\n\n\n\n<p>De m\u00eame, si vous souhaitez ajouter une colonne, cliquez sur \"Ins\u00e9rer une colonne avant\" ou \"Ins\u00e9rer une colonne apr\u00e8s\". <\/p>\n\n\n\n<figure class=\"wp-block-image size-large has-custom-border\"><img loading=\"lazy\" decoding=\"async\" width=\"1024\" height=\"857\" src=\"https:\/\/tableberg.com\/wp-content\/uploads\/2024\/01\/Adding-Columns-1024x857.png\" alt=\"\" class=\"has-border-color wp-image-212\" style=\"border-color:#d0ccde;border-width:1px;border-radius:3px\" srcset=\"https:\/\/tableberg.com\/wp-content\/uploads\/2024\/01\/Adding-Columns-1024x857.png 1024w, https:\/\/tableberg.com\/wp-content\/uploads\/2024\/01\/Adding-Columns-300x251.png 300w, https:\/\/tableberg.com\/wp-content\/uploads\/2024\/01\/Adding-Columns-768x643.png 768w, https:\/\/tableberg.com\/wp-content\/uploads\/2024\/01\/Adding-Columns-1536x1285.png 1536w, https:\/\/tableberg.com\/wp-content\/uploads\/2024\/01\/Adding-Columns-2048x1713.png 2048w\" sizes=\"auto, (max-width: 1024px) 100vw, 1024px\" \/><\/figure>\n\n\n\n<p>Si vous cliquez sur \"Ins\u00e9rer une colonne apr\u00e8s\", une colonne sera ins\u00e9r\u00e9e apr\u00e8s la colonne que vous avez s\u00e9lectionn\u00e9e.<\/p>\n\n\n\n<figure class=\"wp-block-image size-large has-custom-border\"><img loading=\"lazy\" decoding=\"async\" width=\"1003\" height=\"1024\" src=\"https:\/\/tableberg.com\/wp-content\/uploads\/2024\/01\/Adding-Columns-1-1003x1024.png\" alt=\"\" class=\"has-border-color wp-image-214\" style=\"border-color:#d0ccde;border-width:1px;border-radius:3px\" srcset=\"https:\/\/tableberg.com\/wp-content\/uploads\/2024\/01\/Adding-Columns-1-1003x1024.png 1003w, https:\/\/tableberg.com\/wp-content\/uploads\/2024\/01\/Adding-Columns-1-294x300.png 294w, https:\/\/tableberg.com\/wp-content\/uploads\/2024\/01\/Adding-Columns-1-768x784.png 768w, https:\/\/tableberg.com\/wp-content\/uploads\/2024\/01\/Adding-Columns-1-1505x1536.png 1505w, https:\/\/tableberg.com\/wp-content\/uploads\/2024\/01\/Adding-Columns-1-2006x2048.png 2006w\" sizes=\"auto, (max-width: 1003px) 100vw, 1003px\" \/><\/figure>\n\n\n<div class=\"wp-block-ub-divider ub_divider ub-divider-orientation-horizontal\" id=\"ub_divider_58554561-153f-497f-a0ad-9b3d90e09c65\"><div class=\"ub_divider_wrapper\" style=\"position: relative; margin-bottom: 2px; width: 100%; height: 2px; \" data-divider-alignment=\"center\"><div class=\"ub_divider_line\" style=\"border-top: 2px solid #ccc; margin-top: 2px; \"><\/div><\/div><\/div>\n\n\n<h2 class=\"wp-block-heading\" id=\"5-deleting-columnrow\">Suppression d'une colonne ou d'une ligne<\/h2>\n\n\n\n<p>Pour supprimer une ligne ou une colonne, cliquez dessus et cliquez sur l'ic\u00f4ne \"Modifier le tableau\". Cliquez ensuite sur \"Supprimer la ligne\" ou \"Supprimer la colonne\".&nbsp;<\/p>\n\n\n\n<figure class=\"wp-block-image aligncenter size-large has-custom-border\"><img loading=\"lazy\" decoding=\"async\" width=\"1024\" height=\"863\" src=\"https:\/\/tableberg.com\/wp-content\/uploads\/2024\/01\/Deleting-RowColumn-1024x863.png\" alt=\"\" class=\"has-border-color wp-image-216\" style=\"border-color:#d0ccde;border-width:1px;border-radius:3px\" srcset=\"https:\/\/tableberg.com\/wp-content\/uploads\/2024\/01\/Deleting-RowColumn-1024x863.png 1024w, https:\/\/tableberg.com\/wp-content\/uploads\/2024\/01\/Deleting-RowColumn-300x253.png 300w, https:\/\/tableberg.com\/wp-content\/uploads\/2024\/01\/Deleting-RowColumn-768x647.png 768w, https:\/\/tableberg.com\/wp-content\/uploads\/2024\/01\/Deleting-RowColumn-1536x1294.png 1536w, https:\/\/tableberg.com\/wp-content\/uploads\/2024\/01\/Deleting-RowColumn-2048x1725.png 2048w\" sizes=\"auto, (max-width: 1024px) 100vw, 1024px\" \/><\/figure>\n\n\n<div class=\"wp-block-ub-divider ub_divider ub-divider-orientation-horizontal\" id=\"ub_divider_eee667a7-bdc8-4d2f-b170-0424db095c4c\"><div class=\"ub_divider_wrapper\" style=\"position: relative; margin-bottom: 2px; width: 100%; height: 2px; \" data-divider-alignment=\"center\"><div class=\"ub_divider_line\" style=\"border-top: 2px solid #ccc; margin-top: 2px; \"><\/div><\/div><\/div>\n\n\n<h2 class=\"wp-block-heading\" id=\"6-customization\">Personnalisation<\/h2>\n\n\n\n<p>Vous pourrez personnaliser votre table tr\u00e8s facilement.&nbsp;<\/p>\n\n\n\n<h3 class=\"wp-block-heading\" id=\"7-block-toolbar\">Barre d'outils de blocage<\/h3>\n\n\n\n<p>Lorsque vous cliquez sur le bloc, une barre d'outils avec diff\u00e9rentes options appara\u00eet.&nbsp;<\/p>\n\n\n\n<figure class=\"wp-block-image size-large has-custom-border\"><img loading=\"lazy\" decoding=\"async\" width=\"1024\" height=\"914\" src=\"https:\/\/tableberg.com\/wp-content\/uploads\/2024\/01\/Block-Toolbar--1024x914.png\" alt=\"\" class=\"has-border-color wp-image-217\" style=\"border-color:#d0ccde;border-width:1px;border-radius:3px\" srcset=\"https:\/\/tableberg.com\/wp-content\/uploads\/2024\/01\/Block-Toolbar--1024x914.png 1024w, https:\/\/tableberg.com\/wp-content\/uploads\/2024\/01\/Block-Toolbar--300x268.png 300w, https:\/\/tableberg.com\/wp-content\/uploads\/2024\/01\/Block-Toolbar--768x685.png 768w, https:\/\/tableberg.com\/wp-content\/uploads\/2024\/01\/Block-Toolbar--1536x1371.png 1536w, https:\/\/tableberg.com\/wp-content\/uploads\/2024\/01\/Block-Toolbar--2048x1828.png 2048w\" sizes=\"auto, (max-width: 1024px) 100vw, 1024px\" \/><\/figure>\n\n\n\n<p>\u00c0 partir de cette barre d'outils, vous pourrez modifier l'alignement vertical, ajouter\/supprimer des lignes et des colonnes, etc.&nbsp;<\/p>\n\n\n\n<p>En cliquant sur d'autres blocs, vous verrez une barre d'outils o\u00f9 diff\u00e9rentes options peuvent appara\u00eetre en fonction du bloc.&nbsp;<\/p>\n\n\n\n<h3 class=\"wp-block-heading\" id=\"8-settings\">Param\u00e8tres<\/h3>\n\n\n\n<p>Pour trouver les param\u00e8tres de blocage, cliquez sur le bloc, puis sur Param\u00e8tres.&nbsp;<\/p>\n\n\n\n<figure class=\"wp-block-image size-large has-custom-border\"><img loading=\"lazy\" decoding=\"async\" width=\"1024\" height=\"907\" src=\"https:\/\/tableberg.com\/wp-content\/uploads\/2024\/01\/Tableberg-Block-Settings-1024x907.png\" alt=\"\" class=\"has-border-color wp-image-219\" style=\"border-color:#d0ccde;border-width:1px;border-radius:3px\" srcset=\"https:\/\/tableberg.com\/wp-content\/uploads\/2024\/01\/Tableberg-Block-Settings-1024x907.png 1024w, https:\/\/tableberg.com\/wp-content\/uploads\/2024\/01\/Tableberg-Block-Settings-300x266.png 300w, https:\/\/tableberg.com\/wp-content\/uploads\/2024\/01\/Tableberg-Block-Settings-768x680.png 768w, https:\/\/tableberg.com\/wp-content\/uploads\/2024\/01\/Tableberg-Block-Settings-1536x1361.png 1536w, https:\/\/tableberg.com\/wp-content\/uploads\/2024\/01\/Tableberg-Block-Settings-2048x1814.png 2048w\" sizes=\"auto, (max-width: 1024px) 100vw, 1024px\" \/><\/figure>\n\n\n\n<p>\u00c0 partir de l\u00e0, vous pourrez personnaliser vos param\u00e8tres de blocage.&nbsp;<\/p>\n\n\n\n<h3 class=\"wp-block-heading\" id=\"9-styles\">Styles<\/h3>\n\n\n\n<p>Si vous souhaitez donner un style \u00e0 votre bloc, cliquez sur le bloc, puis sur Param\u00e8tres -&gt; Styles.&nbsp;<\/p>\n\n\n\n<figure class=\"wp-block-image aligncenter size-large has-custom-border\"><img loading=\"lazy\" decoding=\"async\" width=\"1024\" height=\"898\" src=\"https:\/\/tableberg.com\/wp-content\/uploads\/2024\/01\/Block-Styles-Tab-1024x898.png\" alt=\"\" class=\"has-border-color wp-image-222\" style=\"border-color:#d0ccde;border-width:1px;border-radius:3px\" srcset=\"https:\/\/tableberg.com\/wp-content\/uploads\/2024\/01\/Block-Styles-Tab-1024x898.png 1024w, https:\/\/tableberg.com\/wp-content\/uploads\/2024\/01\/Block-Styles-Tab-300x263.png 300w, https:\/\/tableberg.com\/wp-content\/uploads\/2024\/01\/Block-Styles-Tab-768x673.png 768w, https:\/\/tableberg.com\/wp-content\/uploads\/2024\/01\/Block-Styles-Tab-1536x1347.png 1536w, https:\/\/tableberg.com\/wp-content\/uploads\/2024\/01\/Block-Styles-Tab-2048x1795.png 2048w\" sizes=\"auto, (max-width: 1024px) 100vw, 1024px\" \/><\/figure>\n\n\n\n<p>\u00c0 partir de l\u00e0, vous pourrez styliser votre bloc.&nbsp;<\/p>\n\n\n<div class=\"wp-block-ub-divider ub_divider ub-divider-orientation-horizontal\" id=\"ub_divider_dd169565-017f-44dd-a039-d47b5cc7f782\"><div class=\"ub_divider_wrapper\" style=\"position: relative; margin-bottom: 2px; width: 100%; height: 2px; \" data-divider-alignment=\"center\"><div class=\"ub_divider_line\" style=\"border-top: 2px solid #ccc; margin-top: 2px; \"><\/div><\/div><\/div>\n\n\n<div class=\"wp-block-group is-content-justification-center is-nowrap is-layout-flex wp-container-core-group-is-layout-23441af8 wp-block-group-is-layout-flex\">\n<p>Vous ne trouvez pas ce que vous cherchez ?<\/p>\n\n\n\n<div class=\"wp-block-buttons is-layout-flex wp-block-buttons-is-layout-flex\">\n<div class=\"wp-block-button has-custom-width wp-block-button__width-100\"><a class=\"wp-block-button__link has-background wp-element-button\" href=\"https:\/\/tableberg.com\/fr\/contact\/\" style=\"background-color:#671feb\" target=\"_blank\" rel=\"noreferrer noopener\">Nous contacter<\/a><\/div>\n<\/div>\n<\/div>","protected":false},"excerpt":{"rendered":"<p>The Tableberg block allows you to easily create tables in any page or post.\u00a0 Adding a Table To add a table, follow these simple steps: Step 1: Add The Tableberg Block Go to the WordPress Block Editor and click on the + sign (1). Then search for &#8216;Tableberg&#8217; (2) and click on the block (3) [&hellip;]<\/p>\n","protected":false},"author":1,"featured_media":0,"parent":0,"menu_order":0,"comment_status":"closed","ping_status":"closed","template":"","meta":{"_eb_attr":"","footnotes":""},"class_list":["post-224","page","type-page","status-publish","hentry"],"featured_image_src":null,"_links":{"self":[{"href":"https:\/\/tableberg.com\/fr\/wp-json\/wp\/v2\/pages\/224","targetHints":{"allow":["GET"]}}],"collection":[{"href":"https:\/\/tableberg.com\/fr\/wp-json\/wp\/v2\/pages"}],"about":[{"href":"https:\/\/tableberg.com\/fr\/wp-json\/wp\/v2\/types\/page"}],"author":[{"embeddable":true,"href":"https:\/\/tableberg.com\/fr\/wp-json\/wp\/v2\/users\/1"}],"replies":[{"embeddable":true,"href":"https:\/\/tableberg.com\/fr\/wp-json\/wp\/v2\/comments?post=224"}],"version-history":[{"count":3,"href":"https:\/\/tableberg.com\/fr\/wp-json\/wp\/v2\/pages\/224\/revisions"}],"predecessor-version":[{"id":227,"href":"https:\/\/tableberg.com\/fr\/wp-json\/wp\/v2\/pages\/224\/revisions\/227"}],"wp:attachment":[{"href":"https:\/\/tableberg.com\/fr\/wp-json\/wp\/v2\/media?parent=224"}],"curies":[{"name":"wp","href":"https:\/\/api.w.org\/{rel}","templated":true}]}}