{"id":62,"date":"2024-07-27T14:46:48","date_gmt":"2024-07-27T14:46:48","guid":{"rendered":"https:\/\/tableberg.com\/?page_id=62"},"modified":"2025-08-15T19:00:02","modified_gmt":"2025-08-15T19:00:02","slug":"politique-de-remboursement","status":"publish","type":"page","link":"https:\/\/tableberg.com\/fr\/refund-policy\/","title":{"rendered":"Politique de remboursement"},"content":{"rendered":"<p>Nous nous portons garants de la qualit\u00e9 de notre plugin et votre satisfaction est importante pour nous. Si vous rencontrez des probl\u00e8mes avec le plugin, nous serons heureux de vous rembourser dans les 14 jours suivant la date de mise \u00e0 jour. AUCUNE QUESTION N'EST POS\u00c9E ! Bien que nous aimerions avoir votre avis sur le plugin.<\/p>\n\n\n\n<p>Les remboursements seront offerts si vous remplissez toutes les conditions suivantes :<\/p>\n\n\n\n<ul class=\"wp-block-list\">\n<li>You are within the first 30 days of the purchase of the plugin.<\/li>\n\n\n\n<li>Votre demande de remboursement ne concerne pas les paiements de renouvellement d'abonnement annuel (des courriels de rappel sont envoy\u00e9s avant tout renouvellement d'abonnement).<\/li>\n<\/ul>\n\n\n\n<p>NOTE : Les frais de passerelle ne seront pas rembours\u00e9s.<\/p>\n\n\n\n<p>En vous inscrivant, vous acceptez cette politique de remboursement et renoncez \u00e0 tout droit de la soumettre \u00e0 des questions, \u00e0 des jugements ou \u00e0 des actions en justice.<\/p>\n\n\n\n<p>Pour soumettre une demande de remboursement,&nbsp;<a href=\"https:\/\/tableberg.com\/fr\/contact\/\" target=\"_blank\" rel=\"noreferrer noopener\">nous contacter<\/a>.<\/p>","protected":false},"excerpt":{"rendered":"<p>We stand behind our plugin\u2019s quality and your satisfaction with it is important to us. If you experience problems with the plugin, we will be happy to provide a refund within 14 days of the original upgrade date. NO QUESTIONS ASKED! Although we would love your feedback on the plugin. Refunds will be offered if [&hellip;]<\/p>\n","protected":false},"author":1,"featured_media":0,"parent":0,"menu_order":0,"comment_status":"closed","ping_status":"closed","template":"","meta":{"_eb_attr":"","footnotes":""},"class_list":["post-62","page","type-page","status-publish","hentry"],"featured_image_src":null,"_links":{"self":[{"href":"https:\/\/tableberg.com\/fr\/wp-json\/wp\/v2\/pages\/62","targetHints":{"allow":["GET"]}}],"collection":[{"href":"https:\/\/tableberg.com\/fr\/wp-json\/wp\/v2\/pages"}],"about":[{"href":"https:\/\/tableberg.com\/fr\/wp-json\/wp\/v2\/types\/page"}],"author":[{"embeddable":true,"href":"https:\/\/tableberg.com\/fr\/wp-json\/wp\/v2\/users\/1"}],"replies":[{"embeddable":true,"href":"https:\/\/tableberg.com\/fr\/wp-json\/wp\/v2\/comments?post=62"}],"version-history":[{"count":3,"href":"https:\/\/tableberg.com\/fr\/wp-json\/wp\/v2\/pages\/62\/revisions"}],"predecessor-version":[{"id":10728,"href":"https:\/\/tableberg.com\/fr\/wp-json\/wp\/v2\/pages\/62\/revisions\/10728"}],"wp:attachment":[{"href":"https:\/\/tableberg.com\/fr\/wp-json\/wp\/v2\/media?parent=62"}],"curies":[{"name":"wp","href":"https:\/\/api.w.org\/{rel}","templated":true}]}}