{"id":910,"date":"2024-07-27T14:49:19","date_gmt":"2024-07-27T14:49:19","guid":{"rendered":"https:\/\/tableberg.com\/?page_id=910"},"modified":"2024-07-27T14:50:42","modified_gmt":"2024-07-27T14:50:42","slug":"politique-en-matiere-de-cookies","status":"publish","type":"page","link":"https:\/\/tableberg.com\/fr\/cookie-policy\/","title":{"rendered":"Politique en mati\u00e8re de cookies"},"content":{"rendered":"<p>Il s'agit de la politique en mati\u00e8re de cookies de Tableberg, accessible \u00e0 partir de https:\/\/tableberg.com.<\/p>\n\n\n\n<p><strong>Qu'est-ce qu'un cookie ?<\/strong><\/p>\n\n\n\n<p>Comme la plupart des sites web professionnels, ce site utilise des cookies, qui sont de minuscules fichiers t\u00e9l\u00e9charg\u00e9s sur votre ordinateur, afin d'am\u00e9liorer votre exp\u00e9rience. Cette page d\u00e9crit les informations qu'ils recueillent, comment nous les utilisons et pourquoi nous avons parfois besoin de stocker ces cookies. Nous vous expliquons \u00e9galement comment vous pouvez emp\u00eacher ces cookies d'\u00eatre stock\u00e9s, mais cela peut entra\u00eener une d\u00e9gradation ou une interruption de certains \u00e9l\u00e9ments de la fonctionnalit\u00e9 du site.<\/p>\n\n\n\n<p>Pour des informations plus g\u00e9n\u00e9rales sur les cookies, voir l'article de Wikip\u00e9dia sur les cookies HTTP.<\/p>\n\n\n\n<p><strong>Comment nous utilisons les cookies<\/strong><\/p>\n\n\n\n<p>Nous utilisons des cookies pour diverses raisons d\u00e9taill\u00e9es ci-dessous. Malheureusement, dans la plupart des cas, il n'existe pas d'options standard pour d\u00e9sactiver les cookies sans d\u00e9sactiver compl\u00e8tement les fonctionnalit\u00e9s et les caract\u00e9ristiques qu'ils ajoutent \u00e0 ce site. Il est recommand\u00e9 de laisser tous les cookies activ\u00e9s si vous n'\u00eates pas s\u00fbr d'en avoir besoin ou non, au cas o\u00f9 ils seraient utilis\u00e9s pour fournir un service que vous utilisez.<\/p>\n\n\n\n<p><strong>D\u00e9sactivation des cookies<\/strong><\/p>\n\n\n\n<p>Vous pouvez emp\u00eacher l'installation de cookies en ajustant les param\u00e8tres de votre navigateur (voir l'aide de votre navigateur pour savoir comment proc\u00e9der). Sachez que la d\u00e9sactivation des cookies affectera la fonctionnalit\u00e9 de ce site et de nombreux autres sites que vous visitez. La d\u00e9sactivation des cookies entra\u00eene g\u00e9n\u00e9ralement la d\u00e9sactivation de certaines fonctionnalit\u00e9s et caract\u00e9ristiques de ce site. Il est donc recommand\u00e9 de ne pas d\u00e9sactiver les cookies.<\/p>\n\n\n\n<p><strong>Les cookies que nous installons<\/strong><\/p>\n\n\n\n<ul class=\"wp-block-list\">\n<li>Cookies li\u00e9s aux bulletins d'information \u00e9lectroniquesCe site propose des services d'abonnement \u00e0 des bulletins d'information ou \u00e0 des courriers \u00e9lectroniques et des cookies peuvent \u00eatre utilis\u00e9s pour savoir si vous \u00eates d\u00e9j\u00e0 inscrit et pour afficher certaines notifications qui peuvent n'\u00eatre valables que pour les utilisateurs abonn\u00e9s ou d\u00e9sabonn\u00e9s.<\/li>\n\n\n\n<li>Cookies li\u00e9s au traitement des commandesCe site propose des services de commerce \u00e9lectronique ou de paiement et certains cookies sont essentiels pour garantir que votre commande est m\u00e9moris\u00e9e entre les pages afin que nous puissions la traiter correctement.<\/li>\n\n\n\n<li>Cookies li\u00e9s aux formulairesLorsque vous soumettez des donn\u00e9es par le biais d'un formulaire, comme ceux que l'on trouve sur les pages de contact ou les formulaires de commentaires, des cookies peuvent \u00eatre install\u00e9s pour m\u00e9moriser vos coordonn\u00e9es d'utilisateur en vue d'une correspondance ult\u00e9rieure.<\/li>\n\n\n\n<li>Cookies relatifs aux pr\u00e9f\u00e9rences du siteAfin de vous offrir une exp\u00e9rience agr\u00e9able sur ce site, nous vous offrons la possibilit\u00e9 de d\u00e9finir vos pr\u00e9f\u00e9rences quant au fonctionnement de ce site lorsque vous l'utilisez. Pour m\u00e9moriser vos pr\u00e9f\u00e9rences, nous devons installer des cookies afin que ces informations puissent \u00eatre appel\u00e9es chaque fois que vous interagissez avec une page affect\u00e9e par vos pr\u00e9f\u00e9rences.<\/li>\n<\/ul>\n\n\n\n<p><strong>Cookies de tiers<\/strong><\/p>\n\n\n\n<p>Dans certains cas particuliers, nous utilisons \u00e9galement des cookies fournis par des tiers de confiance. La section suivante d\u00e9taille les cookies de tiers que vous pouvez rencontrer sur ce site.<\/p>\n\n\n\n<ul class=\"wp-block-list\">\n<li>Des outils d'analyse de tiers sont utilis\u00e9s pour suivre et mesurer l'utilisation de ce site afin que nous puissions continuer \u00e0 produire un contenu attrayant. Ces cookies peuvent enregistrer des informations telles que le temps que vous passez sur le site ou les pages que vous visitez, ce qui nous aide \u00e0 comprendre comment nous pouvons am\u00e9liorer le site pour vous.<\/li>\n<\/ul>\n\n\n\n<p><em>Nous vendons nos produits \u00e0 l'aide du service de paiement s\u00e9curis\u00e9 Freemius, qui permet de s\u00e9curiser les paiements en ligne, les licences, l'ex\u00e9cution des commandes, etc. Le service ajoute automatiquement des cookies lorsqu'un utilisateur ouvre la caisse. Il s'agit de cookies essentiels pour la s\u00e9curit\u00e9, la d\u00e9tection et la pr\u00e9vention des fraudes et la finalisation de l'achat. Il est impossible de passer \u00e0 la caisse sans autoriser le service \u00e0 utiliser des cookies.<\/em><\/p>\n\n\n\n<p>Voici un lien vers le site&nbsp;<a href=\"https:\/\/freemius.com\/privacy\/\" target=\"_blank\" rel=\"noreferrer noopener nofollow\">Politique de confidentialit\u00e9 de Freemius<\/a>&nbsp;et son&nbsp;<a href=\"https:\/\/freemius.com\/privacy\/cookies\/checkout\/\" target=\"_blank\" rel=\"noreferrer noopener nofollow\">politique en mati\u00e8re de cookies<\/a>. Si vous souhaitez vous opposer \u00e0 la configuration des cookies de Freemius, veuillez vous rendre sur le site suivant&nbsp;<a href=\"https:\/\/freemius.com\/privacy\/cookies\/checkout\/\" target=\"_blank\" rel=\"noreferrer noopener nofollow\">Politique en mati\u00e8re de cookies<\/a>&nbsp;et suivez les instructions de d\u00e9sinscription.<\/p>\n\n\n\n<p><strong>Plus d'informations<\/strong><\/p>\n\n\n\n<p>Nous esp\u00e9rons avoir clarifi\u00e9 les choses pour vous et, comme nous l'avons mentionn\u00e9 pr\u00e9c\u00e9demment, si vous n'\u00eates pas s\u00fbr d'avoir besoin de quelque chose, il est g\u00e9n\u00e9ralement plus prudent de laisser les cookies activ\u00e9s au cas o\u00f9 ils interagiraient avec l'une des fonctions que vous utilisez sur notre site.<\/p>\n\n\n\n<p>Toutefois, si vous \u00eates toujours \u00e0 la recherche d'informations suppl\u00e9mentaires, vous pouvez\u00a0<a href=\"https:\/\/tableberg.com\/fr\/contact\/\" data-type=\"link\" data-id=\"https:\/\/tableberg.com\/contact\/\">nous contacter<\/a>.<\/p>","protected":false},"excerpt":{"rendered":"<p>This is the Cookie Policy for Tableberg, accessible from https:\/\/tableberg.com What Are Cookies As is common practice with almost all professional websites this site uses cookies, which are tiny files that are downloaded to your computer, to improve your experience. This page describes what information they gather, how we use it and why we sometimes [&hellip;]<\/p>\n","protected":false},"author":1,"featured_media":0,"parent":0,"menu_order":0,"comment_status":"closed","ping_status":"closed","template":"","meta":{"_eb_attr":"","footnotes":""},"class_list":["post-910","page","type-page","status-publish","hentry"],"featured_image_src":null,"_links":{"self":[{"href":"https:\/\/tableberg.com\/fr\/wp-json\/wp\/v2\/pages\/910","targetHints":{"allow":["GET"]}}],"collection":[{"href":"https:\/\/tableberg.com\/fr\/wp-json\/wp\/v2\/pages"}],"about":[{"href":"https:\/\/tableberg.com\/fr\/wp-json\/wp\/v2\/types\/page"}],"author":[{"embeddable":true,"href":"https:\/\/tableberg.com\/fr\/wp-json\/wp\/v2\/users\/1"}],"replies":[{"embeddable":true,"href":"https:\/\/tableberg.com\/fr\/wp-json\/wp\/v2\/comments?post=910"}],"version-history":[{"count":3,"href":"https:\/\/tableberg.com\/fr\/wp-json\/wp\/v2\/pages\/910\/revisions"}],"predecessor-version":[{"id":10731,"href":"https:\/\/tableberg.com\/fr\/wp-json\/wp\/v2\/pages\/910\/revisions\/10731"}],"wp:attachment":[{"href":"https:\/\/tableberg.com\/fr\/wp-json\/wp\/v2\/media?parent=910"}],"curies":[{"name":"wp","href":"https:\/\/api.w.org\/{rel}","templated":true}]}}