{"id":910,"date":"2024-07-27T14:49:19","date_gmt":"2024-07-27T14:49:19","guid":{"rendered":"https:\/\/tableberg.com\/?page_id=910"},"modified":"2024-07-27T14:50:42","modified_gmt":"2024-07-27T14:50:42","slug":"politica-dei-cookie","status":"publish","type":"page","link":"https:\/\/tableberg.com\/it\/cookie-policy\/","title":{"rendered":"Informativa sui cookie"},"content":{"rendered":"<p>Questa \u00e8 l'informativa sui cookie di Tableberg, accessibile da https:\/\/tableberg.com.<\/p>\n\n\n\n<p><strong>Cosa sono i cookie<\/strong><\/p>\n\n\n\n<p>Come \u00e8 prassi comune di quasi tutti i siti web professionali, questo sito utilizza i cookie, piccoli file che vengono scaricati sul vostro computer per migliorare la vostra esperienza. Questa pagina descrive quali informazioni raccolgono, come le utilizziamo e perch\u00e9 a volte abbiamo bisogno di memorizzare questi cookie. Verr\u00e0 inoltre illustrato il modo in cui \u00e8 possibile impedire la memorizzazione di questi cookie, anche se ci\u00f2 potrebbe ridurre o \"interrompere\" alcuni elementi della funzionalit\u00e0 del sito.<\/p>\n\n\n\n<p>Per informazioni pi\u00f9 generali sui cookie, consultare l'articolo di Wikipedia sui cookie HTTP.<\/p>\n\n\n\n<p><strong>Come utilizziamo i cookie<\/strong><\/p>\n\n\n\n<p>Utilizziamo i cookie per una serie di motivi illustrati di seguito. Purtroppo nella maggior parte dei casi non esistono opzioni standard per disabilitare i cookie senza disattivare completamente le funzionalit\u00e0 e le caratteristiche che essi aggiungono a questo sito. Si consiglia di lasciare attivi tutti i cookie se non si \u00e8 sicuri di averne bisogno o meno, nel caso in cui vengano utilizzati per fornire un servizio che si utilizza.<\/p>\n\n\n\n<p><strong>Disabilitazione dei cookie<\/strong><\/p>\n\n\n\n<p>\u00c8 possibile impedire l'impostazione dei cookie modificando le impostazioni del proprio browser (per sapere come fare, consultare la Guida del browser). Tenete presente che la disabilitazione dei cookie influisce sulla funzionalit\u00e0 di questo e di molti altri siti web che visitate. La disabilitazione dei cookie di solito comporta anche la disabilitazione di alcune funzionalit\u00e0 e caratteristiche di questo sito. Si raccomanda pertanto di non disabilitare i cookie.<\/p>\n\n\n\n<p><strong>I cookie che impostiamo<\/strong><\/p>\n\n\n\n<ul class=\"wp-block-list\">\n<li>Cookie relativi alle newsletter via e-mailQuesto sito offre servizi di newsletter o di iscrizione via e-mail e i cookie possono essere utilizzati per ricordare se l'utente \u00e8 gi\u00e0 registrato e se mostrare determinate notifiche che potrebbero essere valide solo per gli utenti iscritti\/non iscritti.<\/li>\n\n\n\n<li>Cookie relativi all'elaborazione degli ordiniQuesto sito offre servizi di e-commerce o di pagamento e alcuni cookie sono essenziali per garantire che il vostro ordine venga ricordato tra le pagine in modo da poterlo elaborare correttamente.<\/li>\n\n\n\n<li>Cookie relativi ai moduliQuando l'utente invia dati attraverso un modulo, come quelli presenti nelle pagine di contatto o nei moduli di commento, \u00e8 possibile che vengano impostati dei cookie per ricordare i dati dell'utente per la corrispondenza futura.<\/li>\n\n\n\n<li>Cookie per le preferenze del sitoPer offrirvi un'esperienza ottimale su questo sito, vi offriamo la possibilit\u00e0 di impostare le vostre preferenze per il funzionamento del sito quando lo utilizzate. Per ricordare le vostre preferenze dobbiamo impostare dei cookie in modo che queste informazioni possano essere richiamate ogni volta che interagite con una pagina influenzata dalle vostre preferenze.<\/li>\n<\/ul>\n\n\n\n<p><strong>Cookie di terze parti<\/strong><\/p>\n\n\n\n<p>In alcuni casi particolari utilizziamo anche cookie forniti da terze parti fidate. La seguente sezione illustra in dettaglio i cookie di terze parti che potreste incontrare in questo sito.<\/p>\n\n\n\n<ul class=\"wp-block-list\">\n<li>I cookie analitici di terze parti sono utilizzati per tracciare e misurare l'utilizzo di questo sito, in modo da poter continuare a produrre contenuti coinvolgenti. Questi cookie possono tracciare elementi quali il tempo trascorso sul sito o le pagine visitate, aiutandoci a capire come migliorare il sito per gli utenti.<\/li>\n<\/ul>\n\n\n\n<p><em>Vendiamo i nostri prodotti utilizzando Freemius secure checkout, che consente pagamenti online sicuri, licenze, adempimenti e altro ancora. Il servizio aggiunge automaticamente dei cookie quando un utente apre la cassa. Si tratta di cookie essenziali per la sicurezza, il rilevamento e la prevenzione delle frodi e il completamento dell'acquisto. Non \u00e8 possibile effettuare il checkout senza consentire al servizio di utilizzare i cookie.<\/em><\/p>\n\n\n\n<p>Ecco il link al sito&nbsp;<a href=\"https:\/\/freemius.com\/privacy\/\" target=\"_blank\" rel=\"noreferrer noopener nofollow\">Informativa sulla privacy Freemius<\/a>&nbsp;e il suo&nbsp;<a href=\"https:\/\/freemius.com\/privacy\/cookies\/checkout\/\" target=\"_blank\" rel=\"noreferrer noopener nofollow\">politica dei cookie per il checkout<\/a>. Se si desidera disattivare l'impostazione dei cookie da parte di Freemius, si prega di andare alla pagina&nbsp;<a href=\"https:\/\/freemius.com\/privacy\/cookies\/checkout\/\" target=\"_blank\" rel=\"noreferrer noopener nofollow\">politica dei cookie<\/a>&nbsp;e seguire le istruzioni per la rinuncia.<\/p>\n\n\n\n<p><strong>Ulteriori informazioni<\/strong><\/p>\n\n\n\n<p>Speriamo che questo vi abbia chiarito le idee e, come gi\u00e0 detto, se c'\u00e8 qualcosa di cui non siete sicuri di aver bisogno o meno, di solito \u00e8 pi\u00f9 sicuro lasciare i cookie abilitati nel caso in cui interagiscano con una delle funzioni che utilizzate sul nostro sito.<\/p>\n\n\n\n<p>Tuttavia, se siete ancora alla ricerca di maggiori informazioni, potete\u00a0<a href=\"https:\/\/tableberg.com\/it\/contatto\/\" data-type=\"link\" data-id=\"https:\/\/tableberg.com\/contact\/\">contattateci<\/a>.<\/p>","protected":false},"excerpt":{"rendered":"<p>This is the Cookie Policy for Tableberg, accessible from https:\/\/tableberg.com What Are Cookies As is common practice with almost all professional websites this site uses cookies, which are tiny files that are downloaded to your computer, to improve your experience. This page describes what information they gather, how we use it and why we sometimes [&hellip;]<\/p>\n","protected":false},"author":1,"featured_media":0,"parent":0,"menu_order":0,"comment_status":"closed","ping_status":"closed","template":"","meta":{"_eb_attr":"","footnotes":""},"class_list":["post-910","page","type-page","status-publish","hentry"],"featured_image_src":null,"_links":{"self":[{"href":"https:\/\/tableberg.com\/it\/wp-json\/wp\/v2\/pages\/910","targetHints":{"allow":["GET"]}}],"collection":[{"href":"https:\/\/tableberg.com\/it\/wp-json\/wp\/v2\/pages"}],"about":[{"href":"https:\/\/tableberg.com\/it\/wp-json\/wp\/v2\/types\/page"}],"author":[{"embeddable":true,"href":"https:\/\/tableberg.com\/it\/wp-json\/wp\/v2\/users\/1"}],"replies":[{"embeddable":true,"href":"https:\/\/tableberg.com\/it\/wp-json\/wp\/v2\/comments?post=910"}],"version-history":[{"count":3,"href":"https:\/\/tableberg.com\/it\/wp-json\/wp\/v2\/pages\/910\/revisions"}],"predecessor-version":[{"id":10731,"href":"https:\/\/tableberg.com\/it\/wp-json\/wp\/v2\/pages\/910\/revisions\/10731"}],"wp:attachment":[{"href":"https:\/\/tableberg.com\/it\/wp-json\/wp\/v2\/media?parent=910"}],"curies":[{"name":"wp","href":"https:\/\/api.w.org\/{rel}","templated":true}]}}