{"id":17,"date":"2024-07-27T14:42:58","date_gmt":"2024-07-27T14:42:58","guid":{"rendered":"https:\/\/tableberg.com\/?page_id=17"},"modified":"2024-07-27T15:54:45","modified_gmt":"2024-07-27T15:54:45","slug":"politica-de-privacidade-2","status":"publish","type":"page","link":"https:\/\/tableberg.com\/pt\/privacy-policy-2\/","title":{"rendered":"Pol\u00edtica de privacidade"},"content":{"rendered":"<p>Sua privacidade \u00e9 extremamente importante para n\u00f3s. Na Tableberg, temos alguns princ\u00edpios fundamentais:<\/p>\n\n\n\n<ul class=\"wp-block-list\">\n<li>N\u00e3o solicitamos informa\u00e7\u00f5es pessoais a menos que realmente precisemos delas. (N\u00e3o suportamos servi\u00e7os que solicitam informa\u00e7\u00f5es como seu g\u00eanero ou n\u00edvel de renda sem motivo aparente).<\/li>\n\n\n\n<li>N\u00e3o compartilhamos suas informa\u00e7\u00f5es pessoais com ningu\u00e9m, exceto para cumprir a lei, desenvolver nossos produtos ou proteger nossos direitos.<\/li>\n\n\n\n<li>N\u00e3o armazenamos informa\u00e7\u00f5es pessoais em nossos servidores, a menos que seja necess\u00e1rio para a opera\u00e7\u00e3o cont\u00ednua de um de nossos servi\u00e7os.<\/li>\n\n\n\n<li>Em nossos produtos para blogs, nosso objetivo \u00e9 simplificar ao m\u00e1ximo o controle do que \u00e9 vis\u00edvel ao p\u00fablico, visto pelos mecanismos de pesquisa, mantido em sigilo e exclu\u00eddo permanentemente.<\/li>\n<\/ul>\n\n\n\n<p>Se tiver d\u00favidas sobre a exclus\u00e3o ou corre\u00e7\u00e3o de seus dados pessoais, favor\u00a0<a href=\"https:\/\/tableberg.com\/pt\/contato\/\">Entre em contato conosco<\/a>.<\/p>\n\n\n\n<h2 class=\"wp-block-heading\">Visitantes do site<\/h2>\n\n\n\n<p>Como a maioria dos operadores de sites, o Tableberg coleta informa\u00e7\u00f5es de identifica\u00e7\u00e3o n\u00e3o pessoal do tipo que os navegadores e servidores da Web normalmente disponibilizam, como o tipo de navegador, a prefer\u00eancia de idioma, o site de refer\u00eancia e a data e hora de cada solicita\u00e7\u00e3o de visitante. O objetivo do Tableberg ao coletar informa\u00e7\u00f5es de identifica\u00e7\u00e3o n\u00e3o pessoal \u00e9 entender melhor como os visitantes do Tableberg usam seu site. De tempos em tempos, o Tableberg pode divulgar informa\u00e7\u00f5es de identifica\u00e7\u00e3o n\u00e3o pessoal no agregado, por exemplo, publicando um relat\u00f3rio sobre tend\u00eancias no uso de seu site.<\/p>\n\n\n\n<p>O Tableberg tamb\u00e9m coleta informa\u00e7\u00f5es de identifica\u00e7\u00e3o pessoal, como endere\u00e7os de Protocolo de Internet (IP). O Tableberg s\u00f3 divulga endere\u00e7os de IP de usu\u00e1rios e comentaristas logados nas mesmas circunst\u00e2ncias em que usa e divulga informa\u00e7\u00f5es de identifica\u00e7\u00e3o pessoal conforme descrito abaixo, exceto que os endere\u00e7os de IP e endere\u00e7os de e-mail dos comentaristas do blog s\u00e3o vis\u00edveis e divulgados aos administradores do blog onde o coment\u00e1rio foi deixado.<\/p>\n\n\n\n<h2 class=\"wp-block-heading\">Coleta de informa\u00e7\u00f5es de identifica\u00e7\u00e3o pessoal<\/h2>\n\n\n\n<p>Certos visitantes dos sites do Tableberg optam por interagir com o Tableberg de maneiras que exigem que o Tableberg colete informa\u00e7\u00f5es de identifica\u00e7\u00e3o pessoal. A quantidade e o tipo de informa\u00e7\u00e3o que o Tableberg coleta depende da natureza da intera\u00e7\u00e3o.<\/p>\n\n\n\n<h2 class=\"wp-block-heading\">Coletamos informa\u00e7\u00f5es sobre nossos usu\u00e1rios das seguintes maneiras:<\/h2>\n\n\n\n<ul class=\"wp-block-list\">\n<li>Ao se inscrever em nosso servi\u00e7o, solicitamos o nome e as informa\u00e7\u00f5es de contato para cobran\u00e7a.<\/li>\n\n\n\n<li>Nossos sites empregam software de an\u00e1lise, incluindo o Google Analytics, Clicky.<\/li>\n<\/ul>\n\n\n\n<h2 class=\"wp-block-heading\">Prote\u00e7\u00e3o de determinadas informa\u00e7\u00f5es de identifica\u00e7\u00e3o pessoal<\/h2>\n\n\n\n<p>O Tableberg divulga informa\u00e7\u00f5es de identifica\u00e7\u00e3o pessoal e de identifica\u00e7\u00e3o pessoal apenas para seus funcion\u00e1rios, contratados e organiza\u00e7\u00f5es afiliadas que (i) precisam conhecer essas informa\u00e7\u00f5es para process\u00e1-las em nome do Tableberg ou para fornecer servi\u00e7os dispon\u00edveis nos sites do Tableberg e (ii) que concordaram em n\u00e3o divulg\u00e1-las a terceiros. Alguns desses funcion\u00e1rios, contratados e organiza\u00e7\u00f5es afiliadas podem estar localizados fora de seu pa\u00eds de origem; ao usar os sites do Tableberg, voc\u00ea concorda com a transfer\u00eancia dessas informa\u00e7\u00f5es para eles. O Tableberg n\u00e3o alugar\u00e1 ou vender\u00e1 informa\u00e7\u00f5es de identifica\u00e7\u00e3o pessoal a ningu\u00e9m. Al\u00e9m de seus funcion\u00e1rios, contratados e organiza\u00e7\u00f5es afiliadas, conforme descrito acima, o Tableberg divulga informa\u00e7\u00f5es de identifica\u00e7\u00e3o pessoal e de identifica\u00e7\u00e3o pessoal apenas em resposta a uma intima\u00e7\u00e3o, ordem judicial ou outra solicita\u00e7\u00e3o governamental, ou quando o Tableberg acredita de boa f\u00e9 que a divulga\u00e7\u00e3o \u00e9 razoavelmente necess\u00e1ria para proteger a propriedade ou os direitos do Tableberg, de terceiros ou do p\u00fablico em geral. Se voc\u00ea for um usu\u00e1rio registrado do site Tableberg e tiver fornecido seu endere\u00e7o de e-mail, o Tableberg poder\u00e1 ocasionalmente enviar-lhe um e-mail para inform\u00e1-lo sobre novos recursos, solicitar seu feedback ou apenas mant\u00ea-lo atualizado sobre o que est\u00e1 acontecendo com o Tableberg e nossos produtos. Usamos principalmente nossos v\u00e1rios blogs de produtos para comunicar esse tipo de informa\u00e7\u00e3o, portanto esperamos manter esse tipo de e-mail em um n\u00edvel m\u00ednimo. Se voc\u00ea nos enviar uma solicita\u00e7\u00e3o (por exemplo, atrav\u00e9s de um e-mail de suporte ou atrav\u00e9s de um de nossos mecanismos de feedback), reservamo-nos o direito de public\u00e1-la para nos ajudar a esclarecer ou responder \u00e0 sua solicita\u00e7\u00e3o ou para nos ajudar a dar suporte a outros usu\u00e1rios. O Tableberg toma todas as medidas razoavelmente necess\u00e1rias para proteger contra o acesso n\u00e3o autorizado, o uso, a altera\u00e7\u00e3o ou a destrui\u00e7\u00e3o de informa\u00e7\u00f5es potencialmente identificadoras e de identifica\u00e7\u00e3o pessoal.<\/p>\n\n\n\n<h2 class=\"wp-block-heading\">Cookies<\/h2>\n\n\n\n<p>Um cookie \u00e9 uma sequ\u00eancia de informa\u00e7\u00f5es que um site armazena no computador de um visitante e que o navegador do visitante fornece ao site toda vez que o visitante retorna. O Tableberg usa cookies para ajudar o Tableberg a identificar e rastrear visitantes, seu uso do site Tableberg e suas prefer\u00eancias de acesso ao site. Os visitantes do Tableberg que n\u00e3o desejam que os cookies sejam colocados em seus computadores devem configurar seus navegadores para recusar cookies antes de usar os sites do Tableberg, com a desvantagem de que certos recursos dos sites do Tableberg podem n\u00e3o funcionar corretamente sem a ajuda de cookies.<\/p>\n\n\n\n<h2 class=\"wp-block-heading\">Transfer\u00eancias de neg\u00f3cios<\/h2>\n\n\n\n<p>Se o Tableberg, ou substancialmente todos os seus ativos, fosse adquirido, ou no caso improv\u00e1vel de o Tableberg sair do neg\u00f3cio ou entrar em fal\u00eancia, as informa\u00e7\u00f5es do usu\u00e1rio seriam um dos ativos transferidos ou adquiridos por terceiros. O usu\u00e1rio reconhece que tais transfer\u00eancias podem ocorrer e que qualquer adquirente do Tableberg pode continuar a usar suas informa\u00e7\u00f5es pessoais conforme estabelecido nesta pol\u00edtica.<\/p>\n\n\n\n<h2 class=\"wp-block-heading\">Altera\u00e7\u00f5es na pol\u00edtica de privacidade<\/h2>\n\n\n\n<p>Embora a maioria das mudan\u00e7as provavelmente seja pequena, o Tableberg pode alterar sua Pol\u00edtica de Privacidade de tempos em tempos, e a crit\u00e9rio exclusivo do Tableberg. O Tableberg incentiva os visitantes a verificar frequentemente esta p\u00e1gina para verificar se h\u00e1 alguma altera\u00e7\u00e3o em sua Pol\u00edtica de Privacidade. Se voc\u00ea tiver uma conta no WordPress.com, tamb\u00e9m dever\u00e1 verificar o painel do seu blog para receber alertas sobre essas altera\u00e7\u00f5es. Seu uso continuado deste site ap\u00f3s qualquer altera\u00e7\u00e3o nesta Pol\u00edtica de Privacidade constituir\u00e1 sua aceita\u00e7\u00e3o de tal altera\u00e7\u00e3o.<\/p>","protected":false},"excerpt":{"rendered":"<p>Your privacy is critically important to us. At Tableberg we have a few fundamental principles: If you have questions about deleting or correcting your personal data please\u00a0contact us. Website Visitors Like most website operators, Tableberg collects non-personally-identifying information of the sort that web browsers and servers typically make available, such as the browser type, language [&hellip;]<\/p>\n","protected":false},"author":1,"featured_media":0,"parent":0,"menu_order":0,"comment_status":"closed","ping_status":"open","template":"","meta":{"_eb_attr":"","footnotes":""},"class_list":["post-17","page","type-page","status-publish","hentry"],"featured_image_src":null,"_links":{"self":[{"href":"https:\/\/tableberg.com\/pt\/wp-json\/wp\/v2\/pages\/17","targetHints":{"allow":["GET"]}}],"collection":[{"href":"https:\/\/tableberg.com\/pt\/wp-json\/wp\/v2\/pages"}],"about":[{"href":"https:\/\/tableberg.com\/pt\/wp-json\/wp\/v2\/types\/page"}],"author":[{"embeddable":true,"href":"https:\/\/tableberg.com\/pt\/wp-json\/wp\/v2\/users\/1"}],"replies":[{"embeddable":true,"href":"https:\/\/tableberg.com\/pt\/wp-json\/wp\/v2\/comments?post=17"}],"version-history":[{"count":10,"href":"https:\/\/tableberg.com\/pt\/wp-json\/wp\/v2\/pages\/17\/revisions"}],"predecessor-version":[{"id":10729,"href":"https:\/\/tableberg.com\/pt\/wp-json\/wp\/v2\/pages\/17\/revisions\/10729"}],"wp:attachment":[{"href":"https:\/\/tableberg.com\/pt\/wp-json\/wp\/v2\/media?parent=17"}],"curies":[{"name":"wp","href":"https:\/\/api.w.org\/{rel}","templated":true}]}}