{"id":2916,"date":"2024-08-26T04:41:56","date_gmt":"2024-08-26T04:41:56","guid":{"rendered":"https:\/\/tableberg.com\/?page_id=2916"},"modified":"2025-07-01T20:11:58","modified_gmt":"2025-07-01T20:11:58","slug":"suporte","status":"publish","type":"page","link":"https:\/\/tableberg.com\/pt\/support\/","title":{"rendered":"Suporte"},"content":{"rendered":"<div class=\"wp-block-group alignfull has-background has-global-padding is-layout-constrained wp-container-core-group-is-layout-b9cec232 wp-block-group-is-layout-constrained\" style=\"background-color:#eaf7ff;margin-bottom:0px;padding-top:var(--wp--preset--spacing--xx-large);padding-right:var(--wp--preset--spacing--medium);padding-bottom:var(--wp--preset--spacing--xx-large);padding-left:var(--wp--preset--spacing--medium)\">\n<h2 class=\"wp-block-heading has-text-align-center has-max-60-font-size\" style=\"font-style:normal;font-weight:900;line-height:1.5\">Precisa de suporte?<\/h2>\n\n\n\n<p class=\"has-text-align-center has-base-font-size\">Estamos aqui para ajudar.<\/p>\n<\/div>\n\n\n\n<div style=\"height:30px\" aria-hidden=\"true\" class=\"wp-block-spacer\"><\/div>\n\n\n<figure class='wp-block-tableberg'>\n                <div class='tableberg-table-wrapper justify-table-left'>\n                    <table\n                        class='wp-block-tableberg tableberg-has-cell-spacing tableberg-cell-spacing-vertical-zero'\n                        style='border-collapse: separate; border-spacing: var(--wp--preset--spacing--small) 0; width: 1000px; max-width: 1000px;'\n                        data-tableberg-sortable='false'\n                        data-tableberg-columns='[]'\n                        data-tableberg-pagination='{\"enabled\":false,\"pageSize\":10,\"showPageNumbers\":true,\"showPrevNext\":true}'\n                        data-tableberg-search-enabled='false'\n                        data-tableberg-search-placeholder='Search...'\n                        data-tableberg-search-position='left'\n                        data-tableberg-search-highlight-color=''\n                        data-tableberg-header='false'\n                        data-tableberg-footer='false'\n                        \n                    >\n                        <tbody>\n                            <tr data-tableberg-row='0'><td\n                rowspan='1'\n                colspan='1'\n                style='position:relative;padding-top:var(--wp--preset--spacing--small);padding-right:var(--wp--preset--spacing--small);padding-bottom:var(--wp--preset--spacing--small);padding-left:var(--wp--preset--spacing--small);vertical-align:middle;border-top:1px solid #000000;border-right:1px solid #000000;border-left:1px solid #000000;width:33.333333333333%;min-width:33.333333333333%'\n                data-cell-row='0'\n                data-cell-col='0'\n                \n            >\n                <div\n                class='tableberg-cell-elements'\n                style='display:flex;flex-direction:column;justify-content:center;align-items:stretch;flex-wrap:nowrap;gap:var(--wp--preset--spacing--small)'\n            >\n                <div\n                    class='tableberg-cell-element'\n                    style='display:flex;justify-content:flex-start;width:100%'\n                >\n                    <p class='tableberg-text-element' style='margin:0;color:#000000;font-size:1rem'>\n                <strong>Suporte gratuito<\/strong>\n            <\/p>\n                <\/div><div\n                    class='tableberg-cell-element'\n                    style='display:flex;justify-content:flex-start;width:100%'\n                >\n                    <p class='tableberg-text-element' style='margin:0;color:#000000;font-size:1.38rem'>\n                Obtenha suporte no t\u00edquete de suporte do WP.org.\n            <\/p>\n                <\/div>\n            <\/div>\n                \n                \n            <\/td><td\n                rowspan='1'\n                colspan='1'\n                style='position:relative;padding-top:var(--wp--preset--spacing--small);padding-right:var(--wp--preset--spacing--small);padding-bottom:var(--wp--preset--spacing--small);padding-left:var(--wp--preset--spacing--small);vertical-align:middle;border-top:1px solid #000000;border-right:1px solid #000000;border-left:1px solid #000000;width:33.333333333333%;min-width:33.333333333333%'\n                data-cell-row='0'\n                data-cell-col='1'\n                \n            >\n                <div\n                class='tableberg-cell-elements'\n                style='display:flex;flex-direction:column;justify-content:center;align-items:stretch;flex-wrap:nowrap;gap:var(--wp--preset--spacing--small)'\n            >\n                <div\n                    class='tableberg-cell-element'\n                    style='display:flex;justify-content:flex-start;width:100%'\n                >\n                    <p class='tableberg-text-element' style='margin:0;color:#000000;font-size:1rem'>\n                <strong>Suporte Pro<\/strong>\n            <\/p>\n                <\/div><div\n                    class='tableberg-cell-element'\n                    style='display:flex;justify-content:flex-start;width:100%'\n                >\n                    <p class='tableberg-text-element' style='margin:0;color:#000000;font-size:1.38rem'>\n                Obtenha suporte premium de nossa equipe dedicada.\n            <\/p>\n                <\/div>\n            <\/div>\n                \n                <div class='tableberg-ribbon-wrapper'>\n                <div\n                class='tableberg-ribbon tableberg-ribbon-corner'\n                style='font-size:12px;width:calc(2 * 50px);height:calc(2 * 50px);right:-3px'\n            >\n                <div class='tableberg-ribbon-corner-right'>\n                    <div\n                        class='tableberg-ribbon-corner-text'\n                        style='color:#fff;background:#14111f'\n                    >\n                        Somente para profissionais\n                    <\/div>\n                <\/div>\n            <\/div>\n            <\/div>\n            <\/td><td\n                rowspan='1'\n                colspan='1'\n                style='position:relative;padding-top:var(--wp--preset--spacing--small);padding-right:var(--wp--preset--spacing--small);padding-bottom:var(--wp--preset--spacing--small);padding-left:var(--wp--preset--spacing--small);vertical-align:middle;border-top:1px solid #000000;border-right:1px solid #000000;border-left:1px solid #000000;width:33.333333333333%;min-width:33.333333333333%'\n                data-cell-row='0'\n                data-cell-col='2'\n                \n            >\n                <div\n                class='tableberg-cell-elements'\n                style='display:flex;flex-direction:column;justify-content:center;align-items:stretch;flex-wrap:nowrap;gap:var(--wp--preset--spacing--small)'\n            >\n                <div\n                    class='tableberg-cell-element'\n                    style='display:flex;justify-content:flex-start;width:100%'\n                >\n                    <p class='tableberg-text-element' style='margin:0;color:#000000;font-size:1rem'>\n                <strong>Documenta\u00e7\u00e3o<\/strong>\n            <\/p>\n                <\/div><div\n                    class='tableberg-cell-element'\n                    style='display:flex;justify-content:flex-start;width:100%'\n                >\n                    <p class='tableberg-text-element' style='margin:0;color:#000000;font-size:1.38rem'>\n                Encontre documenta\u00e7\u00e3o e instru\u00e7\u00f5es detalhadas\n            <\/p>\n                <\/div>\n            <\/div>\n                \n                \n            <\/td><\/tr><tr data-tableberg-row='1'><td\n                rowspan='1'\n                colspan='1'\n                style='position:relative;padding-top:var(--wp--preset--spacing--small);padding-right:var(--wp--preset--spacing--small);padding-bottom:var(--wp--preset--spacing--small);padding-left:var(--wp--preset--spacing--small);vertical-align:middle;border-right:1px solid #000000;border-left:1px solid #000000;width:33.333333333333%;min-width:33.333333333333%'\n                data-cell-row='1'\n                data-cell-col='0'\n                \n            >\n                <div\n                class='tableberg-cell-elements'\n                style='display:flex;flex-direction:column;justify-content:center;align-items:stretch;flex-wrap:nowrap;gap:0'\n            >\n                <div\n                    class='tableberg-cell-element'\n                    style='display:flex;justify-content:flex-start;width:100%'\n                >\n                    <div id='' style='display:flex;justify-content:flex-start;--tableberg-button-background-color:#000000;--tableberg-button-text-color:#ffffff;--tableberg-button-hover-background-color:#000000;--tableberg-button-text-hover-color:#ffffff;width:100%'>\n                <div style='width:100%;max-width:none;min-width:0;flex-basis:100%'>\n                    <a class=\"wp-block-button__link wp-element-button\" href=\"https:\/\/wordpress.org\/support\/plugin\/tableberg\/\" target=\"_blank\" rel=\"noopener noreferrer\" style=\"display:inline-block;text-align:center;font-size:1.38rem;padding-top:var(--wp--preset--spacing--20);padding-right:var(--wp--preset--spacing--20);padding-bottom:var(--wp--preset--spacing--20);padding-left:var(--wp--preset--spacing--20);border-top-left-radius:0px;border-top-right-radius:0px;border-bottom-right-radius:0px;border-bottom-left-radius:0px;width:100%\">\n                    Criar t\u00f3pico\n                <\/a>\n                <\/div>\n            <\/div>\n                <\/div>\n            <\/div>\n                \n                \n            <\/td><td\n                rowspan='1'\n                colspan='1'\n                style='position:relative;padding-top:var(--wp--preset--spacing--small);padding-right:var(--wp--preset--spacing--small);padding-bottom:var(--wp--preset--spacing--small);padding-left:var(--wp--preset--spacing--small);vertical-align:middle;border-right:1px solid #000000;border-left:1px solid #000000;width:33.333333333333%;min-width:33.333333333333%'\n                data-cell-row='1'\n                data-cell-col='1'\n                \n            >\n                <div\n                class='tableberg-cell-elements'\n                style='display:flex;flex-direction:column;justify-content:center;align-items:stretch;flex-wrap:nowrap;gap:0'\n            >\n                <div\n                    class='tableberg-cell-element'\n                    style='display:flex;justify-content:flex-start;width:100%'\n                >\n                    <div id='' style='display:flex;justify-content:flex-start;--tableberg-button-background-color:#000000;--tableberg-button-text-color:#ffffff;--tableberg-button-hover-background-color:#000000;--tableberg-button-text-hover-color:#ffffff;width:100%'>\n                <div style='width:100%;max-width:none;min-width:0;flex-basis:100%'>\n                    <a class=\"wp-block-button__link wp-element-button\" href=\"https:\/\/tableberg.com\/pt\/contato\/\" target=\"_self\" style=\"display:inline-block;text-align:center;font-size:1.38rem;padding-top:var(--wp--preset--spacing--20);padding-right:var(--wp--preset--spacing--20);padding-bottom:var(--wp--preset--spacing--20);padding-left:var(--wp--preset--spacing--20);border-top-left-radius:0px;border-top-right-radius:0px;border-bottom-right-radius:0px;border-bottom-left-radius:0px;width:100%\">\n                    Bilhete aberto\n                <\/a>\n                <\/div>\n            <\/div>\n                <\/div>\n            <\/div>\n                \n                \n            <\/td><td\n                rowspan='1'\n                colspan='1'\n                style='position:relative;padding-top:var(--wp--preset--spacing--small);padding-right:var(--wp--preset--spacing--small);padding-bottom:var(--wp--preset--spacing--small);padding-left:var(--wp--preset--spacing--small);vertical-align:middle;border-right:1px solid #000000;border-left:1px solid #000000;width:33.333333333333%;min-width:33.333333333333%'\n                data-cell-row='1'\n                data-cell-col='2'\n                \n            >\n                <div\n                class='tableberg-cell-elements'\n                style='display:flex;flex-direction:column;justify-content:center;align-items:stretch;flex-wrap:nowrap;gap:0'\n            >\n                <div\n                    class='tableberg-cell-element'\n                    style='display:flex;justify-content:flex-start;width:100%'\n                >\n                    <div id='' style='display:flex;justify-content:flex-start;--tableberg-button-background-color:#000000;--tableberg-button-text-color:#ffffff;--tableberg-button-hover-background-color:#000000;--tableberg-button-text-hover-color:#ffffff;width:100%'>\n                <div style='width:100%;max-width:none;min-width:0;flex-basis:100%'>\n                    <a class=\"wp-block-button__link wp-element-button\" href=\"https:\/\/tableberg.com\/pt\/documentos\/\" target=\"_self\" style=\"display:inline-block;text-align:center;font-size:1.38rem;padding-top:var(--wp--preset--spacing--20);padding-right:var(--wp--preset--spacing--20);padding-bottom:var(--wp--preset--spacing--20);padding-left:var(--wp--preset--spacing--20);border-top-left-radius:0px;border-top-right-radius:0px;border-bottom-right-radius:0px;border-bottom-left-radius:0px;width:100%\">\n                    Ler documentos\n                <\/a>\n                <\/div>\n            <\/div>\n                <\/div>\n            <\/div>\n                \n                \n            <\/td><\/tr><tr data-tableberg-row='2'><td\n                rowspan='1'\n                colspan='1'\n                style='position:relative;padding-top:var(--wp--preset--spacing--small);padding-right:var(--wp--preset--spacing--small);padding-bottom:var(--wp--preset--spacing--small);padding-left:var(--wp--preset--spacing--small);vertical-align:middle;border-right:1px solid #000000;border-bottom:1px solid #000000;border-left:1px solid #000000;width:33.333333333333%;min-width:33.333333333333%'\n                data-cell-row='2'\n                data-cell-col='0'\n                \n            >\n                <div\n                class='tableberg-cell-elements'\n                style='display:flex;flex-direction:column;justify-content:center;align-items:stretch;flex-wrap:nowrap;gap:0'\n            >\n                <div\n                    class='tableberg-cell-element'\n                    style='display:flex;justify-content:flex-start;width:100%'\n                >\n                    <div class='tableberg-list'>\n                <ul style='margin:0;padding-left:20px'>\n                    <li>\n                    <span style='font-size:1.38rem;color:#000000'>\n                Crie um t\u00f3pico em nossa p\u00e1gina de suporte do WP.org.\n            <\/span>\n                    \n                <\/li><li>\n                    <span style='font-size:1.38rem;color:#000000'>\n                Nossa equipe far\u00e1 a resposta\n            <\/span>\n                    \n                <\/li>\n                <\/ul>\n            <\/div>\n                <\/div>\n            <\/div>\n                \n                \n            <\/td><td\n                rowspan='1'\n                colspan='1'\n                style='position:relative;padding-top:var(--wp--preset--spacing--small);padding-right:var(--wp--preset--spacing--small);padding-bottom:var(--wp--preset--spacing--small);padding-left:var(--wp--preset--spacing--small);vertical-align:middle;border-right:1px solid #000000;border-bottom:1px solid #000000;border-left:1px solid #000000;width:33.333333333333%;min-width:33.333333333333%'\n                data-cell-row='2'\n                data-cell-col='1'\n                \n            >\n                <div\n                class='tableberg-cell-elements'\n                style='display:flex;flex-direction:column;justify-content:center;align-items:stretch;flex-wrap:nowrap;gap:0'\n            >\n                <div\n                    class='tableberg-cell-element'\n                    style='display:flex;justify-content:flex-start;width:100%'\n                >\n                    <div class='tableberg-list'>\n                <ul style='margin:0;padding-left:20px'>\n                    <li>\n                    <span style='font-size:1.38rem;color:#000000'>\n                Informe-nos sobre o problema usando o formul\u00e1rio de contato.\n            <\/span>\n                    \n                <\/li><li>\n                    <span style='font-size:1.38rem;color:#000000'>\n                Entraremos em contato com voc\u00ea em at\u00e9 24 horas.\n            <\/span>\n                    \n                <\/li>\n                <\/ul>\n            <\/div>\n                <\/div>\n            <\/div>\n                \n                \n            <\/td><td\n                rowspan='1'\n                colspan='1'\n                style='position:relative;padding-top:var(--wp--preset--spacing--small);padding-right:var(--wp--preset--spacing--small);padding-bottom:var(--wp--preset--spacing--small);padding-left:var(--wp--preset--spacing--small);vertical-align:middle;border-right:1px solid #000000;border-bottom:1px solid #000000;border-left:1px solid #000000;width:33.333333333333%;min-width:33.333333333333%'\n                data-cell-row='2'\n                data-cell-col='2'\n                \n            >\n                <div\n                class='tableberg-cell-elements'\n                style='display:flex;flex-direction:column;justify-content:center;align-items:stretch;flex-wrap:nowrap;gap:0'\n            >\n                <div\n                    class='tableberg-cell-element'\n                    style='display:flex;justify-content:flex-start;width:100%'\n                >\n                    <div class='tableberg-list'>\n                <ul style='margin:0;padding-left:20px'>\n                    <li>\n                    <span style='font-size:1.38rem;color:#000000'>\n                Use a barra de pesquisa para encontrar o documento desejado.\n            <\/span>\n                    \n                <\/li><li>\n                    <span style='font-size:1.38rem;color:#000000'>\n                Entre em contato conosco se n\u00e3o obtiver sua resposta.\n            <\/span>\n                    \n                <\/li>\n                <\/ul>\n            <\/div>\n                <\/div>\n            <\/div>\n                \n                \n            <\/td><\/tr>\n                        <\/tbody>\n                    <\/table>\n                <\/div>\n                <figcaption class='tableberg-table-caption wp-element-caption'><\/figcaption>\n            <\/figure>\n\n<div style=\"gap: 20px;padding-top: var(--wp--preset--spacing--medium); \" class=\"align-button-center ub-buttons orientation-button-row ub-flex-wrap wp-block-ub-button\" id=\"ub-button-5c15ccb6-3b5c-4376-aef1-ca7e1a8a4708\"><div class=\"ub-button-container\">\n\t\t\t<a href=\"https:\/\/www.facebook.com\/groups\/ultimateblocks\/\" target=\"_blank\" rel=\"noopener noreferrer nofollow\" class=\"ub-button-block-main   ub-button-flex\" role=\"button\" style=\"--ub-button-background-color: #0866ff; --ub-button-color: #ffffff; --ub-button-border: none; --ub-button-hover-background-color: #1778f2; --ub-button-hover-color: #ffffff; --ub-button-hover-border: none; padding-top: 10px; padding-right: 10px; padding-bottom: 10px; padding-left: 10px; border-top-left-radius: 10px;; border-top-right-radius: 10px;; border-bottom-left-radius: 10px;; border-bottom-right-radius: 10px;; \">\n\t\t\t\t<div class=\"ub-button-content-holder\" style=\"flex-direction: row\">\n\t\t\t\t\t<span class=\"ub-button-icon-holder\">\n\t\t\t\t<svg xmlns=\"http:\/\/www.w3.org\/2000\/svg\" height=\"30\" width=\"30\" viewbox=\"0 0 448 512\">\n\t\t\t\t\t<path fill=\"currentColor\" d=\"M400 32H48A48 48 0 0 0 0 80v352a48 48 0 0 0 48 48h137.25V327.69h-63V256h63v-54.64c0-62.15 37-96.48 93.67-96.48 27.14 0 55.52 4.84 55.52 4.84v61h-31.27c-30.81 0-40.42 19.12-40.42 38.73V256h68.78l-11 71.69h-57.78V480H400a48 48 0 0 0 48-48V80a48 48 0 0 0-48-48z\">\n\t\t\t\t<\/path><\/svg>\n\t\t\t<\/span><span class=\"ub-button-block-btn\">Participe de nosso grupo no Facebook<\/span>\n\t\t\t\t<\/div>\n\t\t\t<\/a>\n\t\t<\/div><\/div>\n\n\n<div style=\"height:50px\" aria-hidden=\"true\" class=\"wp-block-spacer\"><\/div>","protected":false},"excerpt":{"rendered":"<p>Precisa de suporte? Estamos aqui para ajudar.<\/p>","protected":false},"author":1,"featured_media":0,"parent":0,"menu_order":0,"comment_status":"closed","ping_status":"closed","template":"page-no-title","meta":{"_eb_attr":"","footnotes":""},"class_list":["post-2916","page","type-page","status-publish","hentry"],"featured_image_src":null,"_links":{"self":[{"href":"https:\/\/tableberg.com\/pt\/wp-json\/wp\/v2\/pages\/2916","targetHints":{"allow":["GET"]}}],"collection":[{"href":"https:\/\/tableberg.com\/pt\/wp-json\/wp\/v2\/pages"}],"about":[{"href":"https:\/\/tableberg.com\/pt\/wp-json\/wp\/v2\/types\/page"}],"author":[{"embeddable":true,"href":"https:\/\/tableberg.com\/pt\/wp-json\/wp\/v2\/users\/1"}],"replies":[{"embeddable":true,"href":"https:\/\/tableberg.com\/pt\/wp-json\/wp\/v2\/comments?post=2916"}],"version-history":[{"count":28,"href":"https:\/\/tableberg.com\/pt\/wp-json\/wp\/v2\/pages\/2916\/revisions"}],"predecessor-version":[{"id":9894,"href":"https:\/\/tableberg.com\/pt\/wp-json\/wp\/v2\/pages\/2916\/revisions\/9894"}],"wp:attachment":[{"href":"https:\/\/tableberg.com\/pt\/wp-json\/wp\/v2\/media?parent=2916"}],"curies":[{"name":"wp","href":"https:\/\/api.w.org\/{rel}","templated":true}]}}