{"id":62,"date":"2024-07-27T14:46:48","date_gmt":"2024-07-27T14:46:48","guid":{"rendered":"https:\/\/tableberg.com\/?page_id=62"},"modified":"2025-08-15T19:00:02","modified_gmt":"2025-08-15T19:00:02","slug":"politica-de-reembolso","status":"publish","type":"page","link":"https:\/\/tableberg.com\/pt\/refund-policy\/","title":{"rendered":"Pol\u00edtica de reembolso"},"content":{"rendered":"<p>N\u00f3s garantimos a qualidade do nosso plug-in e sua satisfa\u00e7\u00e3o com ele \u00e9 importante para n\u00f3s. Se voc\u00ea tiver problemas com o plug-in, teremos o prazer de reembols\u00e1-lo no prazo de 14 dias a partir da data original da atualiza\u00e7\u00e3o. SEM PERGUNTAS! No entanto, gostar\u00edamos de receber seu feedback sobre o plug-in.<\/p>\n\n\n\n<p>Os reembolsos ser\u00e3o oferecidos se voc\u00ea atender plenamente a todas as condi\u00e7\u00f5es a seguir:<\/p>\n\n\n\n<ul class=\"wp-block-list\">\n<li>You are within the first 30 days of the purchase of the plugin.<\/li>\n\n\n\n<li>Sua solicita\u00e7\u00e3o de reembolso n\u00e3o se refere a pagamentos de renova\u00e7\u00e3o de assinatura anual (e-mails de lembrete s\u00e3o enviados antes de todas as renova\u00e7\u00f5es de assinatura).<\/li>\n<\/ul>\n\n\n\n<p>OBSERVA\u00c7\u00c3O: As taxas de gateway n\u00e3o ser\u00e3o reembolsadas.<\/p>\n\n\n\n<p>Ao fazer o upgrade, voc\u00ea concorda com esta pol\u00edtica de reembolso e renuncia a todos os direitos de submet\u00ea-la a quaisquer questionamentos, julgamentos ou a\u00e7\u00f5es legais.<\/p>\n\n\n\n<p>Para enviar uma solicita\u00e7\u00e3o de reembolso,&nbsp;<a href=\"https:\/\/tableberg.com\/pt\/contato\/\" target=\"_blank\" rel=\"noreferrer noopener\">Entre em contato conosco<\/a>.<\/p>","protected":false},"excerpt":{"rendered":"<p>We stand behind our plugin\u2019s quality and your satisfaction with it is important to us. If you experience problems with the plugin, we will be happy to provide a refund within 14 days of the original upgrade date. NO QUESTIONS ASKED! Although we would love your feedback on the plugin. Refunds will be offered if [&hellip;]<\/p>\n","protected":false},"author":1,"featured_media":0,"parent":0,"menu_order":0,"comment_status":"closed","ping_status":"closed","template":"","meta":{"_eb_attr":"","footnotes":""},"class_list":["post-62","page","type-page","status-publish","hentry"],"featured_image_src":null,"_links":{"self":[{"href":"https:\/\/tableberg.com\/pt\/wp-json\/wp\/v2\/pages\/62","targetHints":{"allow":["GET"]}}],"collection":[{"href":"https:\/\/tableberg.com\/pt\/wp-json\/wp\/v2\/pages"}],"about":[{"href":"https:\/\/tableberg.com\/pt\/wp-json\/wp\/v2\/types\/page"}],"author":[{"embeddable":true,"href":"https:\/\/tableberg.com\/pt\/wp-json\/wp\/v2\/users\/1"}],"replies":[{"embeddable":true,"href":"https:\/\/tableberg.com\/pt\/wp-json\/wp\/v2\/comments?post=62"}],"version-history":[{"count":3,"href":"https:\/\/tableberg.com\/pt\/wp-json\/wp\/v2\/pages\/62\/revisions"}],"predecessor-version":[{"id":10728,"href":"https:\/\/tableberg.com\/pt\/wp-json\/wp\/v2\/pages\/62\/revisions\/10728"}],"wp:attachment":[{"href":"https:\/\/tableberg.com\/pt\/wp-json\/wp\/v2\/media?parent=62"}],"curies":[{"name":"wp","href":"https:\/\/api.w.org\/{rel}","templated":true}]}}