{"id":910,"date":"2024-07-27T14:49:19","date_gmt":"2024-07-27T14:49:19","guid":{"rendered":"https:\/\/tableberg.com\/?page_id=910"},"modified":"2024-07-27T14:50:42","modified_gmt":"2024-07-27T14:50:42","slug":"politica-de-cookies","status":"publish","type":"page","link":"https:\/\/tableberg.com\/pt\/cookie-policy\/","title":{"rendered":"Pol\u00edtica de cookies"},"content":{"rendered":"<p>Esta \u00e9 a Pol\u00edtica de Cookies do Tableberg, que pode ser acessada em https:\/\/tableberg.com<\/p>\n\n\n\n<p><strong>O que s\u00e3o cookies<\/strong><\/p>\n\n\n\n<p>Como \u00e9 pr\u00e1tica comum em quase todos os sites profissionais, este site usa cookies, que s\u00e3o pequenos arquivos baixados no seu computador, para melhorar sua experi\u00eancia. Esta p\u00e1gina descreve as informa\u00e7\u00f5es que eles coletam, como as usamos e por que \u00e0s vezes precisamos armazenar esses cookies. Tamb\u00e9m compartilharemos como voc\u00ea pode evitar que esses cookies sejam armazenados; no entanto, isso pode reduzir ou \"quebrar\" determinados elementos da funcionalidade do site.<\/p>\n\n\n\n<p>Para obter mais informa\u00e7\u00f5es gerais sobre cookies, consulte o artigo da Wikipedia sobre cookies HTTP.<\/p>\n\n\n\n<p><strong>Como usamos cookies<\/strong><\/p>\n\n\n\n<p>Usamos cookies por v\u00e1rios motivos detalhados abaixo. Infelizmente, na maioria dos casos, n\u00e3o h\u00e1 op\u00e7\u00f5es padr\u00e3o do setor para desativar os cookies sem desativar completamente a funcionalidade e os recursos que eles acrescentam a este site. \u00c9 recomend\u00e1vel que voc\u00ea deixe todos os cookies ativados se n\u00e3o tiver certeza se precisa deles ou n\u00e3o, caso sejam usados para fornecer um servi\u00e7o que voc\u00ea utiliza.<\/p>\n\n\n\n<p><strong>Desativa\u00e7\u00e3o de cookies<\/strong><\/p>\n\n\n\n<p>Voc\u00ea pode impedir a configura\u00e7\u00e3o de cookies ajustando as configura\u00e7\u00f5es do seu navegador (consulte a Ajuda do navegador para saber como fazer isso). Esteja ciente de que a desativa\u00e7\u00e3o dos cookies afetar\u00e1 a funcionalidade deste e de muitos outros sites que voc\u00ea visita. A desativa\u00e7\u00e3o dos cookies geralmente resultar\u00e1 na desativa\u00e7\u00e3o de determinadas funcionalidades e recursos deste site. Portanto, \u00e9 recomend\u00e1vel que voc\u00ea n\u00e3o desative os cookies.<\/p>\n\n\n\n<p><strong>Os cookies que definimos<\/strong><\/p>\n\n\n\n<ul class=\"wp-block-list\">\n<li>Cookies relacionados a boletins informativos por e-mailEste site oferece servi\u00e7os de assinatura de boletins informativos ou de e-mail e os cookies podem ser usados para lembrar se voc\u00ea j\u00e1 est\u00e1 registrado e para mostrar determinadas notifica\u00e7\u00f5es que podem ser v\u00e1lidas somente para usu\u00e1rios inscritos\/n\u00e3o inscritos.<\/li>\n\n\n\n<li>Cookies relacionados ao processamento de pedidosEste site oferece facilidades de com\u00e9rcio eletr\u00f4nico ou pagamento, e alguns cookies s\u00e3o essenciais para garantir que seu pedido seja lembrado entre as p\u00e1ginas, para que possamos process\u00e1-lo adequadamente.<\/li>\n\n\n\n<li>Cookies relacionados a formul\u00e1riosQuando voc\u00ea envia dados por meio de um formul\u00e1rio, como os encontrados em p\u00e1ginas de contato ou formul\u00e1rios de coment\u00e1rios, os cookies podem ser configurados para lembrar seus detalhes de usu\u00e1rio para correspond\u00eancia futura.<\/li>\n\n\n\n<li>Cookies de prefer\u00eancias do sitePara que voc\u00ea tenha uma \u00f3tima experi\u00eancia neste site, fornecemos a funcionalidade de definir suas prefer\u00eancias quanto ao funcionamento do site quando voc\u00ea o utiliza. Para lembrar suas prefer\u00eancias, precisamos definir cookies para que essas informa\u00e7\u00f5es possam ser chamadas sempre que voc\u00ea interagir com uma p\u00e1gina afetada por suas prefer\u00eancias.<\/li>\n<\/ul>\n\n\n\n<p><strong>Cookies de terceiros<\/strong><\/p>\n\n\n\n<p>Em alguns casos especiais, tamb\u00e9m usamos cookies fornecidos por terceiros confi\u00e1veis. A se\u00e7\u00e3o a seguir detalha quais cookies de terceiros podem ser encontrados neste site.<\/p>\n\n\n\n<ul class=\"wp-block-list\">\n<li>A an\u00e1lise de terceiros \u00e9 usada para rastrear e medir o uso deste site para que possamos continuar a produzir conte\u00fado atraente. Esses cookies podem rastrear itens como o tempo que voc\u00ea passa no site ou as p\u00e1ginas que visita, o que nos ajuda a entender como podemos melhorar o site para voc\u00ea.<\/li>\n<\/ul>\n\n\n\n<p><em>Vendemos nosso(s) produto(s) usando o Freemius secure checkout, que permite pagamentos on-line seguros, licenciamento, atendimento e muito mais. O servi\u00e7o adiciona cookies automaticamente quando um usu\u00e1rio abre o checkout. Esses cookies s\u00e3o essenciais para seguran\u00e7a, detec\u00e7\u00e3o e preven\u00e7\u00e3o de fraudes e conclus\u00e3o de uma compra. N\u00e3o h\u00e1 como fazer o check-out sem permitir que o servi\u00e7o use cookies.<\/em><\/p>\n\n\n\n<p>Aqui est\u00e1 um link para o&nbsp;<a href=\"https:\/\/freemius.com\/privacy\/\" target=\"_blank\" rel=\"noreferrer noopener nofollow\">Pol\u00edtica de privacidade da Freemius<\/a>&nbsp;e seus&nbsp;<a href=\"https:\/\/freemius.com\/privacy\/cookies\/checkout\/\" target=\"_blank\" rel=\"noreferrer noopener nofollow\">Pol\u00edtica de cookies de checkout<\/a>. Se voc\u00ea deseja desativar a configura\u00e7\u00e3o de cookies da Freemius, acesse o site&nbsp;<a href=\"https:\/\/freemius.com\/privacy\/cookies\/checkout\/\" target=\"_blank\" rel=\"noreferrer noopener nofollow\">Pol\u00edtica de cookies<\/a>&nbsp;e siga as instru\u00e7\u00f5es de desativa\u00e7\u00e3o.<\/p>\n\n\n\n<p><strong>Mais informa\u00e7\u00f5es<\/strong><\/p>\n\n\n\n<p>Esperamos que isso tenha esclarecido as coisas para voc\u00ea e, conforme mencionado anteriormente, se houver algo que voc\u00ea n\u00e3o tenha certeza se precisa ou n\u00e3o, geralmente \u00e9 mais seguro deixar os cookies ativados, caso eles interajam com um dos recursos que voc\u00ea usa em nosso site.<\/p>\n\n\n\n<p>No entanto, se ainda estiver procurando mais informa\u00e7\u00f5es, voc\u00ea pode\u00a0<a href=\"https:\/\/tableberg.com\/pt\/contato\/\" data-type=\"link\" data-id=\"https:\/\/tableberg.com\/contact\/\">Entre em contato conosco<\/a>.<\/p>","protected":false},"excerpt":{"rendered":"<p>This is the Cookie Policy for Tableberg, accessible from https:\/\/tableberg.com What Are Cookies As is common practice with almost all professional websites this site uses cookies, which are tiny files that are downloaded to your computer, to improve your experience. This page describes what information they gather, how we use it and why we sometimes [&hellip;]<\/p>\n","protected":false},"author":1,"featured_media":0,"parent":0,"menu_order":0,"comment_status":"closed","ping_status":"closed","template":"","meta":{"_eb_attr":"","footnotes":""},"class_list":["post-910","page","type-page","status-publish","hentry"],"featured_image_src":null,"_links":{"self":[{"href":"https:\/\/tableberg.com\/pt\/wp-json\/wp\/v2\/pages\/910","targetHints":{"allow":["GET"]}}],"collection":[{"href":"https:\/\/tableberg.com\/pt\/wp-json\/wp\/v2\/pages"}],"about":[{"href":"https:\/\/tableberg.com\/pt\/wp-json\/wp\/v2\/types\/page"}],"author":[{"embeddable":true,"href":"https:\/\/tableberg.com\/pt\/wp-json\/wp\/v2\/users\/1"}],"replies":[{"embeddable":true,"href":"https:\/\/tableberg.com\/pt\/wp-json\/wp\/v2\/comments?post=910"}],"version-history":[{"count":3,"href":"https:\/\/tableberg.com\/pt\/wp-json\/wp\/v2\/pages\/910\/revisions"}],"predecessor-version":[{"id":10731,"href":"https:\/\/tableberg.com\/pt\/wp-json\/wp\/v2\/pages\/910\/revisions\/10731"}],"wp:attachment":[{"href":"https:\/\/tableberg.com\/pt\/wp-json\/wp\/v2\/media?parent=910"}],"curies":[{"name":"wp","href":"https:\/\/api.w.org\/{rel}","templated":true}]}}